{"id":5224,"date":"2025-03-14T12:05:24","date_gmt":"2025-03-14T11:05:24","guid":{"rendered":"https:\/\/gbb.bzh\/editions-passees\/"},"modified":"2025-10-21T16:38:39","modified_gmt":"2025-10-21T14:38:39","slug":"editions-passees","status":"publish","type":"page","link":"https:\/\/gbb.bzh\/fr\/editions-passees\/","title":{"rendered":"\u00c9ditions pass\u00e9es"},"content":{"rendered":"\t\t<div data-elementor-type=\"wp-page\" data-elementor-id=\"5224\" class=\"elementor elementor-5224 elementor-5202\" data-elementor-post-type=\"page\">\n\t\t\t\t\t\t<section class=\"elementor-section elementor-top-section elementor-element elementor-element-27f261b elementor-section-boxed elementor-section-height-default elementor-section-height-default\" data-id=\"27f261b\" data-element_type=\"section\" data-e-type=\"section\" data-settings=\"{&quot;background_background&quot;:&quot;classic&quot;}\">\n\t\t\t\t\t\t\t<div class=\"elementor-background-overlay\"><\/div>\n\t\t\t\t\t\t\t<div class=\"elementor-container elementor-column-gap-default\">\n\t\t\t\t\t<div class=\"elementor-column elementor-col-100 elementor-top-column elementor-element elementor-element-77774e7\" data-id=\"77774e7\" data-element_type=\"column\" data-e-type=\"column\">\n\t\t\t<div class=\"elementor-widget-wrap elementor-element-populated\">\n\t\t\t\t\t\t<div class=\"elementor-element elementor-element-3fc7c4d elementor-widget elementor-widget-spacer\" data-id=\"3fc7c4d\" data-element_type=\"widget\" data-e-type=\"widget\" data-widget_type=\"spacer.default\">\n\t\t\t\t\t\t\t<div class=\"elementor-spacer\">\n\t\t\t<div class=\"elementor-spacer-inner\"><\/div>\n\t\t<\/div>\n\t\t\t\t\t\t<\/div>\n\t\t\t\t<div class=\"elementor-element elementor-element-2fab52c elementor-widget elementor-widget-heading\" data-id=\"2fab52c\" data-element_type=\"widget\" data-e-type=\"widget\" data-widget_type=\"heading.default\">\n\t\t\t\t\t<h1 class=\"elementor-heading-title elementor-size-default\">\u00c9ditions pass\u00e9es<\/h1>\t\t\t\t<\/div>\n\t\t\t\t\t<\/div>\n\t\t<\/div>\n\t\t\t\t\t<\/div>\n\t\t<\/section>\n\t\t\t\t<section class=\"elementor-section elementor-top-section elementor-element elementor-element-6934a2a elementor-section-boxed elementor-section-height-default elementor-section-height-default\" data-id=\"6934a2a\" data-element_type=\"section\" data-e-type=\"section\">\n\t\t\t\t\t\t<div class=\"elementor-container elementor-column-gap-default\">\n\t\t\t\t\t<div class=\"elementor-column elementor-col-100 elementor-top-column elementor-element elementor-element-47aee5d\" data-id=\"47aee5d\" data-element_type=\"column\" data-e-type=\"column\">\n\t\t\t<div class=\"elementor-widget-wrap elementor-element-populated\">\n\t\t\t\t\t\t<div class=\"elementor-element elementor-element-f7d1520 elementor-cta--skin-cover elementor-widget__width-initial elementor-cta--valign-middle elementor-animated-content elementor-widget elementor-widget-call-to-action\" data-id=\"f7d1520\" data-element_type=\"widget\" data-e-type=\"widget\" data-widget_type=\"call-to-action.default\">\n\t\t\t\t\t\t\t<a class=\"elementor-cta\" href=\"https:\/\/gbb.bzh\/distro-war-gbb-2025\/\">\n\t\t\t\t\t<div class=\"elementor-cta__bg-wrapper\">\n\t\t\t\t<div class=\"elementor-cta__bg elementor-bg\" style=\"background-image: url(https:\/\/gbb.bzh\/wp-content\/uploads\/2025-2.jpg);\" role=\"img\" aria-label=\"2025---2\"><\/div>\n\t\t\t\t<div class=\"elementor-cta__bg-overlay\"><\/div>\n\t\t\t<\/div>\n\t\t\t\t\t\t\t<div class=\"elementor-cta__content\">\n\t\t\t\t\n\t\t\t\t\n\t\t\t\t\n\t\t\t\t\t\t\t\t\t<div class=\"elementor-cta__button-wrapper elementor-cta__content-item elementor-content-item elementor-animated-item--shrink\">\n\t\t\t\t\t<span class=\"elementor-cta__button elementor-button elementor-size-lg\">\n\t\t\t\t\t\tGBB 2025\t\t\t\t\t<\/span>\n\t\t\t\t\t<\/div>\n\t\t\t\t\t\t\t<\/div>\n\t\t\t\t\t\t<\/a>\n\t\t\t\t\t\t<\/div>\n\t\t\t\t<div class=\"elementor-element elementor-element-7052212 elementor-cta--skin-cover elementor-widget__width-initial elementor-cta--valign-middle elementor-animated-content elementor-widget elementor-widget-call-to-action\" data-id=\"7052212\" data-element_type=\"widget\" data-e-type=\"widget\" data-widget_type=\"call-to-action.default\">\n\t\t\t\t\t\t\t<a class=\"elementor-cta\" href=\"https:\/\/gbb.bzh\/distro-war-gbb-2023\/\">\n\t\t\t\t\t<div class=\"elementor-cta__bg-wrapper\">\n\t\t\t\t<div class=\"elementor-cta__bg elementor-bg\" style=\"background-image: url(https:\/\/gbb.bzh\/wp-content\/uploads\/2023.png);\" role=\"img\" aria-label=\"banni\u00e8re \u00e9dition gouel broadel ar brezhoneg 2021\"><\/div>\n\t\t\t\t<div class=\"elementor-cta__bg-overlay\"><\/div>\n\t\t\t<\/div>\n\t\t\t\t\t\t\t<div class=\"elementor-cta__content\">\n\t\t\t\t\n\t\t\t\t\n\t\t\t\t\n\t\t\t\t\t\t\t\t\t<div class=\"elementor-cta__button-wrapper elementor-cta__content-item elementor-content-item elementor-animated-item--shrink\">\n\t\t\t\t\t<span class=\"elementor-cta__button elementor-button elementor-size-lg\">\n\t\t\t\t\t\tGBB 2023\t\t\t\t\t<\/span>\n\t\t\t\t\t<\/div>\n\t\t\t\t\t\t\t<\/div>\n\t\t\t\t\t\t<\/a>\n\t\t\t\t\t\t<\/div>\n\t\t\t\t<div class=\"elementor-element elementor-element-8dbbb60 elementor-cta--skin-cover elementor-widget__width-initial elementor-cta--valign-middle elementor-animated-content elementor-widget elementor-widget-call-to-action\" data-id=\"8dbbb60\" data-element_type=\"widget\" data-e-type=\"widget\" data-widget_type=\"call-to-action.default\">\n\t\t\t\t\t\t\t<a class=\"elementor-cta\" href=\"https:\/\/gbb.bzh\/distro-war-gbb-2021\/\">\n\t\t\t\t\t<div class=\"elementor-cta__bg-wrapper\">\n\t\t\t\t<div class=\"elementor-cta__bg elementor-bg\" style=\"background-image: url(https:\/\/gbb.bzh\/wp-content\/uploads\/2021.png);\" role=\"img\" aria-label=\"banni\u00e8re \u00e9dition gouel broadel ar brezhoneg 2021\"><\/div>\n\t\t\t\t<div class=\"elementor-cta__bg-overlay\"><\/div>\n\t\t\t<\/div>\n\t\t\t\t\t\t\t<div class=\"elementor-cta__content\">\n\t\t\t\t\n\t\t\t\t\n\t\t\t\t\n\t\t\t\t\t\t\t\t\t<div class=\"elementor-cta__button-wrapper elementor-cta__content-item elementor-content-item elementor-animated-item--shrink\">\n\t\t\t\t\t<span class=\"elementor-cta__button elementor-button elementor-size-lg\">\n\t\t\t\t\t\tGBB 2021\t\t\t\t\t<\/span>\n\t\t\t\t\t<\/div>\n\t\t\t\t\t\t\t<\/div>\n\t\t\t\t\t\t<\/a>\n\t\t\t\t\t\t<\/div>\n\t\t\t\t<div class=\"elementor-element elementor-element-8960156 elementor-cta--skin-cover elementor-widget__width-initial elementor-cta--valign-middle elementor-animated-content elementor-widget elementor-widget-call-to-action\" data-id=\"8960156\" data-element_type=\"widget\" data-e-type=\"widget\" data-widget_type=\"call-to-action.default\">\n\t\t\t\t\t\t\t<a class=\"elementor-cta\" href=\"https:\/\/gbb.bzh\/gbb-2019\/\">\n\t\t\t\t\t<div class=\"elementor-cta__bg-wrapper\">\n\t\t\t\t<div class=\"elementor-cta__bg elementor-bg\" style=\"background-image: url(https:\/\/gbb.bzh\/wp-content\/uploads\/2019.png);\" role=\"img\" aria-label=\"banni\u00e8re \u00e9dition gouel broadel ar brezhoneg 2019\"><\/div>\n\t\t\t\t<div class=\"elementor-cta__bg-overlay\"><\/div>\n\t\t\t<\/div>\n\t\t\t\t\t\t\t<div class=\"elementor-cta__content\">\n\t\t\t\t\n\t\t\t\t\n\t\t\t\t\n\t\t\t\t\t\t\t\t\t<div class=\"elementor-cta__button-wrapper elementor-cta__content-item elementor-content-item elementor-animated-item--shrink\">\n\t\t\t\t\t<span class=\"elementor-cta__button elementor-button elementor-size-lg\">\n\t\t\t\t\t\tGBB 2019\t\t\t\t\t<\/span>\n\t\t\t\t\t<\/div>\n\t\t\t\t\t\t\t<\/div>\n\t\t\t\t\t\t<\/a>\n\t\t\t\t\t\t<\/div>\n\t\t\t\t\t<\/div>\n\t\t<\/div>\n\t\t\t\t\t<\/div>\n\t\t<\/section>\n\t\t\t\t<\/div>\n\t\t","protected":false},"excerpt":{"rendered":"<p>Retour sur les \u00e9ditions pr\u00e9c\u00e9dentes du festival, ce qui a \u00e9t\u00e9 propos\u00e9, les artistes qui ont \u00e9t\u00e9 invit\u00e9s.<\/p>\n","protected":false},"author":4,"featured_media":3728,"parent":0,"menu_order":0,"comment_status":"closed","ping_status":"closed","template":"","meta":{"_acf_changed":false,"footnotes":""},"class_list":["post-5224","page","type-page","status-publish","has-post-thumbnail","hentry"],"acf":[],"yoast_head":"<!-- This site is optimized with the Yoast SEO plugin v24.4 - https:\/\/yoast.com\/wordpress\/plugins\/seo\/ -->\n<title>\u00c9ditions pass\u00e9es - GBB<\/title>\n<meta name=\"robots\" content=\"index, follow, max-snippet:-1, max-image-preview:large, max-video-preview:-1\" \/>\n<link rel=\"canonical\" href=\"https:\/\/gbb.bzh\/fr\/editions-passees\/\" \/>\n<meta property=\"og:locale\" content=\"fr_FR\" \/>\n<meta property=\"og:type\" content=\"article\" \/>\n<meta property=\"og:title\" content=\"\u00c9ditions pass\u00e9es - GBB\" \/>\n<meta property=\"og:description\" content=\"Retour sur les \u00e9ditions pr\u00e9c\u00e9dentes du festival, ce qui a \u00e9t\u00e9 propos\u00e9, les artistes qui ont \u00e9t\u00e9 invit\u00e9s.\" \/>\n<meta property=\"og:url\" content=\"https:\/\/gbb.bzh\/fr\/editions-passees\/\" \/>\n<meta property=\"og:site_name\" content=\"GBB\" \/>\n<meta property=\"article:modified_time\" content=\"2025-10-21T14:38:39+00:00\" \/>\n<meta property=\"og:image\" content=\"https:\/\/gbb.bzh\/wp-content\/uploads\/2023\/09\/gbb2023-8.jpg\" \/>\n\t<meta property=\"og:image:width\" content=\"900\" \/>\n\t<meta property=\"og:image:height\" content=\"600\" \/>\n\t<meta property=\"og:image:type\" content=\"image\/jpeg\" \/>\n<meta name=\"twitter:card\" content=\"summary_large_image\" \/>\n<script type=\"application\/ld+json\" class=\"yoast-schema-graph\">{\"@context\":\"https:\/\/schema.org\",\"@graph\":[{\"@type\":\"WebPage\",\"@id\":\"https:\/\/gbb.bzh\/fr\/editions-passees\/\",\"url\":\"https:\/\/gbb.bzh\/fr\/editions-passees\/\",\"name\":\"\u00c9ditions pass\u00e9es - GBB\",\"isPartOf\":{\"@id\":\"https:\/\/gbb.bzh\/#website\"},\"primaryImageOfPage\":{\"@id\":\"https:\/\/gbb.bzh\/fr\/editions-passees\/#primaryimage\"},\"image\":{\"@id\":\"https:\/\/gbb.bzh\/fr\/editions-passees\/#primaryimage\"},\"thumbnailUrl\":\"https:\/\/gbb.bzh\/wp-content\/uploads\/2023\/09\/gbb2023-8.jpg\",\"datePublished\":\"2025-03-14T11:05:24+00:00\",\"dateModified\":\"2025-10-21T14:38:39+00:00\",\"breadcrumb\":{\"@id\":\"https:\/\/gbb.bzh\/fr\/editions-passees\/#breadcrumb\"},\"inLanguage\":\"fr\",\"potentialAction\":[{\"@type\":\"ReadAction\",\"target\":[\"https:\/\/gbb.bzh\/fr\/editions-passees\/\"]}]},{\"@type\":\"ImageObject\",\"inLanguage\":\"fr\",\"@id\":\"https:\/\/gbb.bzh\/fr\/editions-passees\/#primaryimage\",\"url\":\"https:\/\/gbb.bzh\/wp-content\/uploads\/2023\/09\/gbb2023-8.jpg\",\"contentUrl\":\"https:\/\/gbb.bzh\/wp-content\/uploads\/2023\/09\/gbb2023-8.jpg\",\"width\":900,\"height\":600,\"caption\":\"concert neomak festival de la langue bretonne GBB 2023\"},{\"@type\":\"BreadcrumbList\",\"@id\":\"https:\/\/gbb.bzh\/fr\/editions-passees\/#breadcrumb\",\"itemListElement\":[{\"@type\":\"ListItem\",\"position\":1,\"name\":\"Home\",\"item\":\"https:\/\/gbb.bzh\/fr\/\"},{\"@type\":\"ListItem\",\"position\":2,\"name\":\"\u00c9ditions pass\u00e9es\"}]},{\"@type\":\"WebSite\",\"@id\":\"https:\/\/gbb.bzh\/#website\",\"url\":\"https:\/\/gbb.bzh\/\",\"name\":\"GBB\",\"description\":\"Gouel Broadel ar Brezhoneg\",\"publisher\":{\"@id\":\"https:\/\/gbb.bzh\/#organization\"},\"potentialAction\":[{\"@type\":\"SearchAction\",\"target\":{\"@type\":\"EntryPoint\",\"urlTemplate\":\"https:\/\/gbb.bzh\/?s={search_term_string}\"},\"query-input\":{\"@type\":\"PropertyValueSpecification\",\"valueRequired\":true,\"valueName\":\"search_term_string\"}}],\"inLanguage\":\"fr\"},{\"@type\":\"Organization\",\"@id\":\"https:\/\/gbb.bzh\/#organization\",\"name\":\"GBB\",\"url\":\"https:\/\/gbb.bzh\/\",\"logo\":{\"@type\":\"ImageObject\",\"inLanguage\":\"fr\",\"@id\":\"https:\/\/gbb.bzh\/#\/schema\/logo\/image\/\",\"url\":\"https:\/\/gbb.bzh\/wp-content\/uploads\/2022\/07\/GBB25_logo-gwenn.png\",\"contentUrl\":\"https:\/\/gbb.bzh\/wp-content\/uploads\/2022\/07\/GBB25_logo-gwenn.png\",\"width\":6775,\"height\":3905,\"caption\":\"GBB\"},\"image\":{\"@id\":\"https:\/\/gbb.bzh\/#\/schema\/logo\/image\/\"}}]}<\/script>\n<!-- \/ Yoast SEO plugin. -->","yoast_head_json":{"title":"\u00c9ditions pass\u00e9es - GBB","robots":{"index":"index","follow":"follow","max-snippet":"max-snippet:-1","max-image-preview":"max-image-preview:large","max-video-preview":"max-video-preview:-1"},"canonical":"https:\/\/gbb.bzh\/fr\/editions-passees\/","og_locale":"fr_FR","og_type":"article","og_title":"\u00c9ditions pass\u00e9es - GBB","og_description":"Retour sur les \u00e9ditions pr\u00e9c\u00e9dentes du festival, ce qui a \u00e9t\u00e9 propos\u00e9, les artistes qui ont \u00e9t\u00e9 invit\u00e9s.","og_url":"https:\/\/gbb.bzh\/fr\/editions-passees\/","og_site_name":"GBB","article_modified_time":"2025-10-21T14:38:39+00:00","og_image":[{"width":900,"height":600,"url":"https:\/\/gbb.bzh\/wp-content\/uploads\/2023\/09\/gbb2023-8.jpg","type":"image\/jpeg"}],"twitter_card":"summary_large_image","schema":{"@context":"https:\/\/schema.org","@graph":[{"@type":"WebPage","@id":"https:\/\/gbb.bzh\/fr\/editions-passees\/","url":"https:\/\/gbb.bzh\/fr\/editions-passees\/","name":"\u00c9ditions pass\u00e9es - GBB","isPartOf":{"@id":"https:\/\/gbb.bzh\/#website"},"primaryImageOfPage":{"@id":"https:\/\/gbb.bzh\/fr\/editions-passees\/#primaryimage"},"image":{"@id":"https:\/\/gbb.bzh\/fr\/editions-passees\/#primaryimage"},"thumbnailUrl":"https:\/\/gbb.bzh\/wp-content\/uploads\/2023\/09\/gbb2023-8.jpg","datePublished":"2025-03-14T11:05:24+00:00","dateModified":"2025-10-21T14:38:39+00:00","breadcrumb":{"@id":"https:\/\/gbb.bzh\/fr\/editions-passees\/#breadcrumb"},"inLanguage":"fr","potentialAction":[{"@type":"ReadAction","target":["https:\/\/gbb.bzh\/fr\/editions-passees\/"]}]},{"@type":"ImageObject","inLanguage":"fr","@id":"https:\/\/gbb.bzh\/fr\/editions-passees\/#primaryimage","url":"https:\/\/gbb.bzh\/wp-content\/uploads\/2023\/09\/gbb2023-8.jpg","contentUrl":"https:\/\/gbb.bzh\/wp-content\/uploads\/2023\/09\/gbb2023-8.jpg","width":900,"height":600,"caption":"concert neomak festival de la langue bretonne GBB 2023"},{"@type":"BreadcrumbList","@id":"https:\/\/gbb.bzh\/fr\/editions-passees\/#breadcrumb","itemListElement":[{"@type":"ListItem","position":1,"name":"Home","item":"https:\/\/gbb.bzh\/fr\/"},{"@type":"ListItem","position":2,"name":"\u00c9ditions pass\u00e9es"}]},{"@type":"WebSite","@id":"https:\/\/gbb.bzh\/#website","url":"https:\/\/gbb.bzh\/","name":"GBB","description":"Gouel Broadel ar Brezhoneg","publisher":{"@id":"https:\/\/gbb.bzh\/#organization"},"potentialAction":[{"@type":"SearchAction","target":{"@type":"EntryPoint","urlTemplate":"https:\/\/gbb.bzh\/?s={search_term_string}"},"query-input":{"@type":"PropertyValueSpecification","valueRequired":true,"valueName":"search_term_string"}}],"inLanguage":"fr"},{"@type":"Organization","@id":"https:\/\/gbb.bzh\/#organization","name":"GBB","url":"https:\/\/gbb.bzh\/","logo":{"@type":"ImageObject","inLanguage":"fr","@id":"https:\/\/gbb.bzh\/#\/schema\/logo\/image\/","url":"https:\/\/gbb.bzh\/wp-content\/uploads\/2022\/07\/GBB25_logo-gwenn.png","contentUrl":"https:\/\/gbb.bzh\/wp-content\/uploads\/2022\/07\/GBB25_logo-gwenn.png","width":6775,"height":3905,"caption":"GBB"},"image":{"@id":"https:\/\/gbb.bzh\/#\/schema\/logo\/image\/"}}]}},"_links":{"self":[{"href":"https:\/\/gbb.bzh\/fr\/wp-json\/wp\/v2\/pages\/5224","targetHints":{"allow":["GET"]}}],"collection":[{"href":"https:\/\/gbb.bzh\/fr\/wp-json\/wp\/v2\/pages"}],"about":[{"href":"https:\/\/gbb.bzh\/fr\/wp-json\/wp\/v2\/types\/page"}],"author":[{"embeddable":true,"href":"https:\/\/gbb.bzh\/fr\/wp-json\/wp\/v2\/users\/4"}],"replies":[{"embeddable":true,"href":"https:\/\/gbb.bzh\/fr\/wp-json\/wp\/v2\/comments?post=5224"}],"version-history":[{"count":3,"href":"https:\/\/gbb.bzh\/fr\/wp-json\/wp\/v2\/pages\/5224\/revisions"}],"predecessor-version":[{"id":6114,"href":"https:\/\/gbb.bzh\/fr\/wp-json\/wp\/v2\/pages\/5224\/revisions\/6114"}],"wp:featuredmedia":[{"embeddable":true,"href":"https:\/\/gbb.bzh\/fr\/wp-json\/wp\/v2\/media\/3728"}],"wp:attachment":[{"href":"https:\/\/gbb.bzh\/fr\/wp-json\/wp\/v2\/media?parent=5224"}],"curies":[{"name":"wp","href":"https:\/\/api.w.org\/{rel}","templated":true}]}}