{"id":5103,"date":"2025-02-20T10:53:55","date_gmt":"2025-02-20T09:53:55","guid":{"rendered":"https:\/\/gbb.bzh\/inscription\/"},"modified":"2026-02-19T12:25:57","modified_gmt":"2026-02-19T11:25:57","slug":"inscription","status":"publish","type":"page","link":"https:\/\/gbb.bzh\/fr\/taol-lans\/inscription\/","title":{"rendered":"Inscription"},"content":{"rendered":"\t\t<div data-elementor-type=\"wp-page\" data-elementor-id=\"5103\" class=\"elementor elementor-5103 elementor-5094\" data-elementor-post-type=\"page\">\n\t\t\t\t<div class=\"elementor-element elementor-element-313d220 e-flex e-con-boxed e-con e-parent\" data-id=\"313d220\" data-element_type=\"container\" data-e-type=\"container\" data-settings=\"{&quot;background_background&quot;:&quot;classic&quot;}\">\n\t\t\t\t\t<div class=\"e-con-inner\">\n\t\t\t\t<div class=\"elementor-element elementor-element-b58a514 elementor-widget elementor-widget-spacer\" data-id=\"b58a514\" data-element_type=\"widget\" data-e-type=\"widget\" data-widget_type=\"spacer.default\">\n\t\t\t\t\t\t\t<div class=\"elementor-spacer\">\n\t\t\t<div class=\"elementor-spacer-inner\"><\/div>\n\t\t<\/div>\n\t\t\t\t\t\t<\/div>\n\t\t\t\t\t<\/div>\n\t\t\t\t<\/div>\n\t\t<div class=\"elementor-element elementor-element-997025a e-flex e-con-boxed e-con e-parent\" data-id=\"997025a\" data-element_type=\"container\" data-e-type=\"container\">\n\t\t\t\t\t<div class=\"e-con-inner\">\n\t\t\t\t<div class=\"elementor-element elementor-element-5a73871 elementor-widget elementor-widget-heading\" data-id=\"5a73871\" data-element_type=\"widget\" data-e-type=\"widget\" data-widget_type=\"heading.default\">\n\t\t\t\t\t<h2 class=\"elementor-heading-title elementor-size-default\">S'inscrire au Taol-La\u00f1s<\/h2>\t\t\t\t<\/div>\n\t\t\t\t<div class=\"elementor-element elementor-element-c1aa118 elementor-widget elementor-widget-text-editor\" data-id=\"c1aa118\" data-element_type=\"widget\" data-e-type=\"widget\" data-widget_type=\"text-editor.default\">\n\t\t\t\t\t\t\t\t\t<p>Le Taol-La\u00f1s est un tremplin musical ouvert \u00e0 toutes et \u00e0 tous. Il a pour but de mettre en valeur vos productions musicales actuelles en langue bretonne. Tous les styles peuvent \u00eatre pr\u00e9sent\u00e9s en dehors du traditionnel. Voici les principales r\u00e8gles du concours :   <\/p><ul><li>Nous n&#8217;autorisons pas les reprises : Sont impos\u00e9es les cr\u00e9ations originales, in\u00e9dites. <\/li><li>La voix est accompagn\u00e9e par un ou plusieurs instruments.<\/li><li>Il faut pr\u00e9senter au moins deux morceaux. La prestation n&#8217;exc\u00e9dera pas 15min.<\/li><li>Vous pouvez vous inscrire dans l&#8217;une ou l&#8217;autre des cat\u00e9gories : Professionnels &#8220;A-vicher&#8221; ou Amateurs &#8220;Dazont&#8221;.<\/li><\/ul><div> <\/div><div><span style=\"text-align: center;\">Les inscriptions sont maintenant ouvertes jusqu&#8217;au 1er mai 2026<\/span> Vous avez des questions ? Envoyez un mail \u00e0 contact@gbb.bzh <\/div><div> <\/div>\t\t\t\t\t\t\t\t<\/div>\n\t\t\t\t\t<\/div>\n\t\t\t\t<\/div>\n\t\t<div class=\"elementor-element elementor-element-07d60c8 e-grid e-con-boxed e-con e-parent\" data-id=\"07d60c8\" data-element_type=\"container\" data-e-type=\"container\">\n\t\t\t\t\t<div class=\"e-con-inner\">\n\t\t\t\t<div class=\"elementor-element elementor-element-b5a5840 elementor-align-center elementor-widget elementor-widget-button\" data-id=\"b5a5840\" data-element_type=\"widget\" data-e-type=\"widget\" data-widget_type=\"button.default\">\n\t\t\t\t\t\t\t\t\t\t<a class=\"elementor-button elementor-button-link elementor-size-sm\" href=\"https:\/\/framaforms.org\/enskrivaduriou-inscriptions-an-taol-lans-2026-1770648750\">\n\t\t\t\t\t\t<span class=\"elementor-button-content-wrapper\">\n\t\t\t\t\t\t<span class=\"elementor-button-icon\">\n\t\t\t\t<svg aria-hidden=\"true\" class=\"e-font-icon-svg e-far-calendar-check\" viewBox=\"0 0 448 512\" xmlns=\"http:\/\/www.w3.org\/2000\/svg\"><path d=\"M400 64h-48V12c0-6.627-5.373-12-12-12h-40c-6.627 0-12 5.373-12 12v52H160V12c0-6.627-5.373-12-12-12h-40c-6.627 0-12 5.373-12 12v52H48C21.49 64 0 85.49 0 112v352c0 26.51 21.49 48 48 48h352c26.51 0 48-21.49 48-48V112c0-26.51-21.49-48-48-48zm-6 400H54a6 6 0 0 1-6-6V160h352v298a6 6 0 0 1-6 6zm-52.849-200.65L198.842 404.519c-4.705 4.667-12.303 4.637-16.971-.068l-75.091-75.699c-4.667-4.705-4.637-12.303.068-16.971l22.719-22.536c4.705-4.667 12.303-4.637 16.97.069l44.104 44.461 111.072-110.181c4.705-4.667 12.303-4.637 16.971.068l22.536 22.718c4.667 4.705 4.636 12.303-.069 16.97z\"><\/path><\/svg>\t\t\t<\/span>\n\t\t\t\t\t\t\t\t\t<span class=\"elementor-button-text\">J'inscris mon groupe tout de suite<\/span>\n\t\t\t\t\t<\/span>\n\t\t\t\t\t<\/a>\n\t\t\t\t\t\t\t\t<\/div>\n\t\t\t\t<div class=\"elementor-element elementor-element-1078cc3 elementor-align-center elementor-widget elementor-widget-button\" data-id=\"1078cc3\" data-element_type=\"widget\" data-e-type=\"widget\" data-widget_type=\"button.default\">\n\t\t\t\t\t\t\t\t\t\t<a class=\"elementor-button elementor-button-link elementor-size-sm\" href=\"https:\/\/gbb.bzh\/wp-content\/uploads\/REOLENNOU-BZH-FR-2026.pdf\">\n\t\t\t\t\t\t<span class=\"elementor-button-content-wrapper\">\n\t\t\t\t\t\t<span class=\"elementor-button-icon\">\n\t\t\t\t<svg aria-hidden=\"true\" class=\"e-font-icon-svg e-far-folder\" viewBox=\"0 0 512 512\" xmlns=\"http:\/\/www.w3.org\/2000\/svg\"><path d=\"M464 128H272l-54.63-54.63c-6-6-14.14-9.37-22.63-9.37H48C21.49 64 0 85.49 0 112v288c0 26.51 21.49 48 48 48h416c26.51 0 48-21.49 48-48V176c0-26.51-21.49-48-48-48zm0 272H48V112h140.12l54.63 54.63c6 6 14.14 9.37 22.63 9.37H464v224z\"><\/path><\/svg>\t\t\t<\/span>\n\t\t\t\t\t\t\t\t\t<span class=\"elementor-button-text\">R\u00e8gles du tremplin et liste des lots 2026 <\/span>\n\t\t\t\t\t<\/span>\n\t\t\t\t\t<\/a>\n\t\t\t\t\t\t\t\t<\/div>\n\t\t\t\t\t<\/div>\n\t\t\t\t<\/div>\n\t\t<div class=\"elementor-element elementor-element-549d822 e-flex e-con-boxed e-con e-parent\" data-id=\"549d822\" data-element_type=\"container\" data-e-type=\"container\" data-settings=\"{&quot;background_background&quot;:&quot;classic&quot;}\">\n\t\t\t\t\t<div class=\"e-con-inner\">\n\t\t\t\t<div class=\"elementor-element elementor-element-b8cb252 elementor-widget elementor-widget-heading\" data-id=\"b8cb252\" data-element_type=\"widget\" data-e-type=\"widget\" data-widget_type=\"heading.default\">\n\t\t\t\t\t<h2 class=\"elementor-heading-title elementor-size-default\">Les prix<\/h2>\t\t\t\t<\/div>\n\t\t\t\t<div class=\"elementor-element elementor-element-d160af9 elementor-widget elementor-widget-heading\" data-id=\"d160af9\" data-element_type=\"widget\" data-e-type=\"widget\" data-widget_type=\"heading.default\">\n\t\t\t\t\t<h2 class=\"elementor-heading-title elementor-size-default\">DE BEAUX CADEAUX POUR LANCER VOTRE PROJET ARTISTIQUE ! <\/h2>\t\t\t\t<\/div>\n\t\t<div class=\"elementor-element elementor-element-740d6aa e-grid e-con-full e-con e-child\" data-id=\"740d6aa\" data-element_type=\"container\" data-e-type=\"container\">\n\t\t\t\t<div class=\"elementor-element elementor-element-e504df7 elementor-widget elementor-widget-image\" data-id=\"e504df7\" data-element_type=\"widget\" data-e-type=\"widget\" data-widget_type=\"image.default\">\n\t\t\t\t\t\t\t\t\t\t\t\t\t\t\t<img fetchpriority=\"high\" decoding=\"async\" width=\"800\" height=\"356\" src=\"https:\/\/gbb.bzh\/wp-content\/uploads\/Madelyn-Ann-Tafwyl2023-900x400px.jpg\" class=\"attachment-large size-large wp-image-5052\" alt=\"Madelyn Ann enTafwyl 2023\" srcset=\"https:\/\/gbb.bzh\/wp-content\/uploads\/Madelyn-Ann-Tafwyl2023-900x400px.jpg 900w, https:\/\/gbb.bzh\/wp-content\/uploads\/Madelyn-Ann-Tafwyl2023-900x400px-300x133.jpg 300w, https:\/\/gbb.bzh\/wp-content\/uploads\/Madelyn-Ann-Tafwyl2023-900x400px-768x341.jpg 768w\" sizes=\"(max-width: 800px) 100vw, 800px\" \/>\t\t\t\t\t\t\t\t\t\t\t\t\t\t\t<\/div>\n\t\t\t\t<div class=\"elementor-element elementor-element-ce54eab elementor-widget elementor-widget-text-editor\" data-id=\"ce54eab\" data-element_type=\"widget\" data-e-type=\"widget\" data-widget_type=\"text-editor.default\">\n\t\t\t\t\t\t\t\t\t<p>Des dates sur les sc\u00e8nes de Bretagne et au Pays de Galles : GBB, Deus&#8217;ta, le FIL, le Tafwyl&#8230;<\/p>\t\t\t\t\t\t\t\t<\/div>\n\t\t\t\t<div class=\"elementor-element elementor-element-8295a35 elementor-widget elementor-widget-text-editor\" data-id=\"8295a35\" data-element_type=\"widget\" data-e-type=\"widget\" data-widget_type=\"text-editor.default\">\n\t\t\t\t\t\t\t\t\t<p style=\"text-align: right;\">R\u00e9sidence artistique au Novomax et\/ou \u00e0 l&#8217;Echonova.<\/p>\t\t\t\t\t\t\t\t<\/div>\n\t\t\t\t<div class=\"elementor-element elementor-element-6697245 elementor-widget elementor-widget-image\" data-id=\"6697245\" data-element_type=\"widget\" data-e-type=\"widget\" data-widget_type=\"image.default\">\n\t\t\t\t\t\t\t\t\t\t\t\t\t\t\t<img decoding=\"async\" width=\"800\" height=\"356\" src=\"https:\/\/gbb.bzh\/wp-content\/uploads\/Garlonn-echonova-studio-900x400px.jpg\" class=\"attachment-large size-large wp-image-5056\" alt=\"Garlonn e studio an Echonova\" srcset=\"https:\/\/gbb.bzh\/wp-content\/uploads\/Garlonn-echonova-studio-900x400px.jpg 900w, https:\/\/gbb.bzh\/wp-content\/uploads\/Garlonn-echonova-studio-900x400px-300x133.jpg 300w, https:\/\/gbb.bzh\/wp-content\/uploads\/Garlonn-echonova-studio-900x400px-768x341.jpg 768w\" sizes=\"(max-width: 800px) 100vw, 800px\" \/>\t\t\t\t\t\t\t\t\t\t\t\t\t\t\t<\/div>\n\t\t\t\t<div class=\"elementor-element elementor-element-adec1e9 elementor-widget elementor-widget-image\" data-id=\"adec1e9\" data-element_type=\"widget\" data-e-type=\"widget\" data-widget_type=\"image.default\">\n\t\t\t\t\t\t\t\t\t\t\t\t\t\t\t<img decoding=\"async\" width=\"800\" height=\"355\" src=\"https:\/\/gbb.bzh\/wp-content\/uploads\/Garlonn-emvod-Bref-1024x455.jpg\" class=\"attachment-large size-large wp-image-5059\" alt=\"Emvod labour gant Garlonn e Gwened\" srcset=\"https:\/\/gbb.bzh\/wp-content\/uploads\/Garlonn-emvod-Bref-1024x455.jpg 1024w, https:\/\/gbb.bzh\/wp-content\/uploads\/Garlonn-emvod-Bref-300x133.jpg 300w, https:\/\/gbb.bzh\/wp-content\/uploads\/Garlonn-emvod-Bref-768x341.jpg 768w, https:\/\/gbb.bzh\/wp-content\/uploads\/Garlonn-emvod-Bref-1536x682.jpg 1536w, https:\/\/gbb.bzh\/wp-content\/uploads\/Garlonn-emvod-Bref-2048x910.jpg 2048w\" sizes=\"(max-width: 800px) 100vw, 800px\" \/>\t\t\t\t\t\t\t\t\t\t\t\t\t\t\t<\/div>\n\t\t\t\t<div class=\"elementor-element elementor-element-84fca89 elementor-widget elementor-widget-text-editor\" data-id=\"84fca89\" data-element_type=\"widget\" data-e-type=\"widget\" data-widget_type=\"text-editor.default\">\n\t\t\t\t\t\t\t\t\t<p style=\"text-align: left;\">Rencontres avec notre r\u00e9seau de partenaires professionnels : Paker Prod, Zef et Mer, l&#8217;Echonova, Tomahawk&#8230;<\/p>\t\t\t\t\t\t\t\t<\/div>\n\t\t\t\t<div class=\"elementor-element elementor-element-64f1c29 elementor-widget elementor-widget-text-editor\" data-id=\"64f1c29\" data-element_type=\"widget\" data-e-type=\"widget\" data-widget_type=\"text-editor.default\">\n\t\t\t\t\t\t\t\t\t<p style=\"text-align: right;\">\u00c9missions en live sur les radios du pays.<\/p>\t\t\t\t\t\t\t\t<\/div>\n\t\t\t\t<div class=\"elementor-element elementor-element-53ef336 elementor-widget elementor-widget-image\" data-id=\"53ef336\" data-element_type=\"widget\" data-e-type=\"widget\" data-widget_type=\"image.default\">\n\t\t\t\t\t\t\t\t\t\t\t\t\t\t\t<img loading=\"lazy\" decoding=\"async\" width=\"800\" height=\"356\" src=\"https:\/\/gbb.bzh\/wp-content\/uploads\/amelik-e-radio-Naoned-900x400px.jpg\" class=\"attachment-large size-large wp-image-5062\" alt=\"Amelik e Radio Naoned\" srcset=\"https:\/\/gbb.bzh\/wp-content\/uploads\/amelik-e-radio-Naoned-900x400px.jpg 900w, https:\/\/gbb.bzh\/wp-content\/uploads\/amelik-e-radio-Naoned-900x400px-300x133.jpg 300w, https:\/\/gbb.bzh\/wp-content\/uploads\/amelik-e-radio-Naoned-900x400px-768x341.jpg 768w\" sizes=\"(max-width: 800px) 100vw, 800px\" \/>\t\t\t\t\t\t\t\t\t\t\t\t\t\t\t<\/div>\n\t\t\t\t<div class=\"elementor-element elementor-element-62c85ca elementor-widget elementor-widget-image\" data-id=\"62c85ca\" data-element_type=\"widget\" data-e-type=\"widget\" data-widget_type=\"image.default\">\n\t\t\t\t\t\t\t\t\t\t\t\t\t\t\t<img loading=\"lazy\" decoding=\"async\" width=\"800\" height=\"356\" src=\"https:\/\/gbb.bzh\/wp-content\/uploads\/miniature_plouz-ha-foen-900x400px.jpg\" class=\"attachment-large size-large wp-image-5065\" alt=\"tapadenn skramm video live Plouz &amp; Foen\" srcset=\"https:\/\/gbb.bzh\/wp-content\/uploads\/miniature_plouz-ha-foen-900x400px.jpg 900w, https:\/\/gbb.bzh\/wp-content\/uploads\/miniature_plouz-ha-foen-900x400px-300x133.jpg 300w, https:\/\/gbb.bzh\/wp-content\/uploads\/miniature_plouz-ha-foen-900x400px-768x341.jpg 768w\" sizes=\"(max-width: 800px) 100vw, 800px\" \/>\t\t\t\t\t\t\t\t\t\t\t\t\t\t\t<\/div>\n\t\t\t\t<div class=\"elementor-element elementor-element-6c7232b elementor-widget elementor-widget-text-editor\" data-id=\"6c7232b\" data-element_type=\"widget\" data-e-type=\"widget\" data-widget_type=\"text-editor.default\">\n\t\t\t\t\t\t\t\t\t<p style=\"text-align: left;\">Vid\u00e9os et photos pour promouvoir votre projet artistique.<\/p>\t\t\t\t\t\t\t\t<\/div>\n\t\t\t\t<div class=\"elementor-element elementor-element-f38889f elementor-widget elementor-widget-text-editor\" data-id=\"f38889f\" data-element_type=\"widget\" data-e-type=\"widget\" data-widget_type=\"text-editor.default\">\n\t\t\t\t\t\t\t\t\t<p style=\"text-align: right;\">Accompagnement pendant 2 ans avec un budget d\u00e9di\u00e9 pour d\u00e9velopper votre projet.<\/p>\t\t\t\t\t\t\t\t<\/div>\n\t\t\t\t<div class=\"elementor-element elementor-element-c25220b elementor-widget elementor-widget-image\" data-id=\"c25220b\" data-element_type=\"widget\" data-e-type=\"widget\" data-widget_type=\"image.default\">\n\t\t\t\t\t\t\t\t\t\t\t\t\t\t\t<img loading=\"lazy\" decoding=\"async\" width=\"800\" height=\"356\" src=\"https:\/\/gbb.bzh\/wp-content\/uploads\/emezi-sonedeg-evit-tafwyl-credit-Justine-900x400px.jpg\" class=\"attachment-large size-large wp-image-5068\" alt=\"Capta Emezi evit Tafwyl ha S4C\" srcset=\"https:\/\/gbb.bzh\/wp-content\/uploads\/emezi-sonedeg-evit-tafwyl-credit-Justine-900x400px.jpg 900w, https:\/\/gbb.bzh\/wp-content\/uploads\/emezi-sonedeg-evit-tafwyl-credit-Justine-900x400px-300x133.jpg 300w, https:\/\/gbb.bzh\/wp-content\/uploads\/emezi-sonedeg-evit-tafwyl-credit-Justine-900x400px-768x341.jpg 768w\" sizes=\"(max-width: 800px) 100vw, 800px\" \/>\t\t\t\t\t\t\t\t\t\t\t\t\t\t\t<\/div>\n\t\t\t\t<\/div>\n\t\t\t\t\t<\/div>\n\t\t\t\t<\/div>\n\t\t\t\t<\/div>\n\t\t","protected":false},"excerpt":{"rendered":"<p>Voici toutes les infos pour s\u2019inscrire au Taol-La\u00f1s. Le r\u00e8glement, la liste des prix et le fonctionnement du tremplin. <\/p>\n","protected":false},"author":4,"featured_media":3737,"parent":2118,"menu_order":0,"comment_status":"closed","ping_status":"closed","template":"","meta":{"_acf_changed":false,"footnotes":""},"class_list":["post-5103","page","type-page","status-publish","has-post-thumbnail","hentry"],"acf":[],"yoast_head":"<!-- This site is optimized with the Yoast SEO plugin v24.4 - https:\/\/yoast.com\/wordpress\/plugins\/seo\/ -->\n<title>Inscription - GBB<\/title>\n<meta name=\"robots\" content=\"index, follow, max-snippet:-1, max-image-preview:large, max-video-preview:-1\" \/>\n<link rel=\"canonical\" href=\"https:\/\/gbb.bzh\/an-taol-lans\/enskrivadur\/\" \/>\n<meta property=\"og:locale\" content=\"fr_FR\" \/>\n<meta property=\"og:type\" content=\"article\" \/>\n<meta property=\"og:title\" content=\"Inscription - GBB\" \/>\n<meta property=\"og:description\" content=\"Voici toutes les infos pour s\u2019inscrire au Taol-La\u00f1s. Le r\u00e8glement, la liste des prix et le fonctionnement du tremplin.\" \/>\n<meta property=\"og:url\" content=\"https:\/\/gbb.bzh\/an-taol-lans\/enskrivadur\/\" \/>\n<meta property=\"og:site_name\" content=\"GBB\" \/>\n<meta property=\"article:modified_time\" content=\"2026-02-19T11:25:57+00:00\" \/>\n<meta property=\"og:image\" content=\"https:\/\/gbb.bzh\/wp-content\/uploads\/2023\/09\/banniere-an-taol-lans.jpg\" \/>\n\t<meta property=\"og:image:width\" content=\"1920\" \/>\n\t<meta property=\"og:image:height\" content=\"800\" \/>\n\t<meta property=\"og:image:type\" content=\"image\/jpeg\" \/>\n<meta name=\"twitter:card\" content=\"summary_large_image\" \/>\n<meta name=\"twitter:label1\" content=\"Est. reading time\" \/>\n\t<meta name=\"twitter:data1\" content=\"1 minute\" \/>\n<script type=\"application\/ld+json\" class=\"yoast-schema-graph\">{\"@context\":\"https:\/\/schema.org\",\"@graph\":[{\"@type\":\"WebPage\",\"@id\":\"https:\/\/gbb.bzh\/an-taol-lans\/enskrivadur\/\",\"url\":\"https:\/\/gbb.bzh\/an-taol-lans\/enskrivadur\/\",\"name\":\"Inscription - GBB\",\"isPartOf\":{\"@id\":\"https:\/\/gbb.bzh\/#website\"},\"primaryImageOfPage\":{\"@id\":\"https:\/\/gbb.bzh\/an-taol-lans\/enskrivadur\/#primaryimage\"},\"image\":{\"@id\":\"https:\/\/gbb.bzh\/an-taol-lans\/enskrivadur\/#primaryimage\"},\"thumbnailUrl\":\"https:\/\/gbb.bzh\/wp-content\/uploads\/2023\/09\/banniere-an-taol-lans.jpg\",\"datePublished\":\"2025-02-20T09:53:55+00:00\",\"dateModified\":\"2026-02-19T11:25:57+00:00\",\"breadcrumb\":{\"@id\":\"https:\/\/gbb.bzh\/an-taol-lans\/enskrivadur\/#breadcrumb\"},\"inLanguage\":\"fr\",\"potentialAction\":[{\"@type\":\"ReadAction\",\"target\":[\"https:\/\/gbb.bzh\/an-taol-lans\/enskrivadur\/\"]}]},{\"@type\":\"ImageObject\",\"inLanguage\":\"fr\",\"@id\":\"https:\/\/gbb.bzh\/an-taol-lans\/enskrivadur\/#primaryimage\",\"url\":\"https:\/\/gbb.bzh\/wp-content\/uploads\/2023\/09\/banniere-an-taol-lans.jpg\",\"contentUrl\":\"https:\/\/gbb.bzh\/wp-content\/uploads\/2023\/09\/banniere-an-taol-lans.jpg\",\"width\":1920,\"height\":800,\"caption\":\"tremplin musical An Taol-La\u00f1s 2023\"},{\"@type\":\"BreadcrumbList\",\"@id\":\"https:\/\/gbb.bzh\/an-taol-lans\/enskrivadur\/#breadcrumb\",\"itemListElement\":[{\"@type\":\"ListItem\",\"position\":1,\"name\":\"Home\",\"item\":\"https:\/\/gbb.bzh\/\"},{\"@type\":\"ListItem\",\"position\":2,\"name\":\"An Taol-La\u00f1s\",\"item\":\"https:\/\/gbb.bzh\/fr\/taol-lans\/\"},{\"@type\":\"ListItem\",\"position\":3,\"name\":\"Inscription\"}]},{\"@type\":\"WebSite\",\"@id\":\"https:\/\/gbb.bzh\/#website\",\"url\":\"https:\/\/gbb.bzh\/\",\"name\":\"GBB\",\"description\":\"Gouel Broadel ar Brezhoneg\",\"publisher\":{\"@id\":\"https:\/\/gbb.bzh\/#organization\"},\"potentialAction\":[{\"@type\":\"SearchAction\",\"target\":{\"@type\":\"EntryPoint\",\"urlTemplate\":\"https:\/\/gbb.bzh\/?s={search_term_string}\"},\"query-input\":{\"@type\":\"PropertyValueSpecification\",\"valueRequired\":true,\"valueName\":\"search_term_string\"}}],\"inLanguage\":\"fr\"},{\"@type\":\"Organization\",\"@id\":\"https:\/\/gbb.bzh\/#organization\",\"name\":\"GBB\",\"url\":\"https:\/\/gbb.bzh\/\",\"logo\":{\"@type\":\"ImageObject\",\"inLanguage\":\"fr\",\"@id\":\"https:\/\/gbb.bzh\/#\/schema\/logo\/image\/\",\"url\":\"https:\/\/gbb.bzh\/wp-content\/uploads\/2022\/07\/GBB25_logo-gwenn.png\",\"contentUrl\":\"https:\/\/gbb.bzh\/wp-content\/uploads\/2022\/07\/GBB25_logo-gwenn.png\",\"width\":6775,\"height\":3905,\"caption\":\"GBB\"},\"image\":{\"@id\":\"https:\/\/gbb.bzh\/#\/schema\/logo\/image\/\"}}]}<\/script>\n<!-- \/ Yoast SEO plugin. -->","yoast_head_json":{"title":"Inscription - GBB","robots":{"index":"index","follow":"follow","max-snippet":"max-snippet:-1","max-image-preview":"max-image-preview:large","max-video-preview":"max-video-preview:-1"},"canonical":"https:\/\/gbb.bzh\/an-taol-lans\/enskrivadur\/","og_locale":"fr_FR","og_type":"article","og_title":"Inscription - GBB","og_description":"Voici toutes les infos pour s\u2019inscrire au Taol-La\u00f1s. Le r\u00e8glement, la liste des prix et le fonctionnement du tremplin.","og_url":"https:\/\/gbb.bzh\/an-taol-lans\/enskrivadur\/","og_site_name":"GBB","article_modified_time":"2026-02-19T11:25:57+00:00","og_image":[{"width":1920,"height":800,"url":"https:\/\/gbb.bzh\/wp-content\/uploads\/2023\/09\/banniere-an-taol-lans.jpg","type":"image\/jpeg"}],"twitter_card":"summary_large_image","twitter_misc":{"Est. reading time":"1 minute"},"schema":{"@context":"https:\/\/schema.org","@graph":[{"@type":"WebPage","@id":"https:\/\/gbb.bzh\/an-taol-lans\/enskrivadur\/","url":"https:\/\/gbb.bzh\/an-taol-lans\/enskrivadur\/","name":"Inscription - GBB","isPartOf":{"@id":"https:\/\/gbb.bzh\/#website"},"primaryImageOfPage":{"@id":"https:\/\/gbb.bzh\/an-taol-lans\/enskrivadur\/#primaryimage"},"image":{"@id":"https:\/\/gbb.bzh\/an-taol-lans\/enskrivadur\/#primaryimage"},"thumbnailUrl":"https:\/\/gbb.bzh\/wp-content\/uploads\/2023\/09\/banniere-an-taol-lans.jpg","datePublished":"2025-02-20T09:53:55+00:00","dateModified":"2026-02-19T11:25:57+00:00","breadcrumb":{"@id":"https:\/\/gbb.bzh\/an-taol-lans\/enskrivadur\/#breadcrumb"},"inLanguage":"fr","potentialAction":[{"@type":"ReadAction","target":["https:\/\/gbb.bzh\/an-taol-lans\/enskrivadur\/"]}]},{"@type":"ImageObject","inLanguage":"fr","@id":"https:\/\/gbb.bzh\/an-taol-lans\/enskrivadur\/#primaryimage","url":"https:\/\/gbb.bzh\/wp-content\/uploads\/2023\/09\/banniere-an-taol-lans.jpg","contentUrl":"https:\/\/gbb.bzh\/wp-content\/uploads\/2023\/09\/banniere-an-taol-lans.jpg","width":1920,"height":800,"caption":"tremplin musical An Taol-La\u00f1s 2023"},{"@type":"BreadcrumbList","@id":"https:\/\/gbb.bzh\/an-taol-lans\/enskrivadur\/#breadcrumb","itemListElement":[{"@type":"ListItem","position":1,"name":"Home","item":"https:\/\/gbb.bzh\/"},{"@type":"ListItem","position":2,"name":"An Taol-La\u00f1s","item":"https:\/\/gbb.bzh\/fr\/taol-lans\/"},{"@type":"ListItem","position":3,"name":"Inscription"}]},{"@type":"WebSite","@id":"https:\/\/gbb.bzh\/#website","url":"https:\/\/gbb.bzh\/","name":"GBB","description":"Gouel Broadel ar Brezhoneg","publisher":{"@id":"https:\/\/gbb.bzh\/#organization"},"potentialAction":[{"@type":"SearchAction","target":{"@type":"EntryPoint","urlTemplate":"https:\/\/gbb.bzh\/?s={search_term_string}"},"query-input":{"@type":"PropertyValueSpecification","valueRequired":true,"valueName":"search_term_string"}}],"inLanguage":"fr"},{"@type":"Organization","@id":"https:\/\/gbb.bzh\/#organization","name":"GBB","url":"https:\/\/gbb.bzh\/","logo":{"@type":"ImageObject","inLanguage":"fr","@id":"https:\/\/gbb.bzh\/#\/schema\/logo\/image\/","url":"https:\/\/gbb.bzh\/wp-content\/uploads\/2022\/07\/GBB25_logo-gwenn.png","contentUrl":"https:\/\/gbb.bzh\/wp-content\/uploads\/2022\/07\/GBB25_logo-gwenn.png","width":6775,"height":3905,"caption":"GBB"},"image":{"@id":"https:\/\/gbb.bzh\/#\/schema\/logo\/image\/"}}]}},"_links":{"self":[{"href":"https:\/\/gbb.bzh\/fr\/wp-json\/wp\/v2\/pages\/5103","targetHints":{"allow":["GET"]}}],"collection":[{"href":"https:\/\/gbb.bzh\/fr\/wp-json\/wp\/v2\/pages"}],"about":[{"href":"https:\/\/gbb.bzh\/fr\/wp-json\/wp\/v2\/types\/page"}],"author":[{"embeddable":true,"href":"https:\/\/gbb.bzh\/fr\/wp-json\/wp\/v2\/users\/4"}],"replies":[{"embeddable":true,"href":"https:\/\/gbb.bzh\/fr\/wp-json\/wp\/v2\/comments?post=5103"}],"version-history":[{"count":13,"href":"https:\/\/gbb.bzh\/fr\/wp-json\/wp\/v2\/pages\/5103\/revisions"}],"predecessor-version":[{"id":6304,"href":"https:\/\/gbb.bzh\/fr\/wp-json\/wp\/v2\/pages\/5103\/revisions\/6304"}],"up":[{"embeddable":true,"href":"https:\/\/gbb.bzh\/fr\/wp-json\/wp\/v2\/pages\/2118"}],"wp:featuredmedia":[{"embeddable":true,"href":"https:\/\/gbb.bzh\/fr\/wp-json\/wp\/v2\/media\/3737"}],"wp:attachment":[{"href":"https:\/\/gbb.bzh\/fr\/wp-json\/wp\/v2\/media?parent=5103"}],"curies":[{"name":"wp","href":"https:\/\/api.w.org\/{rel}","templated":true}]}}