{"id":4127,"date":"2024-11-21T18:00:00","date_gmt":"2024-11-21T17:00:00","guid":{"rendered":"https:\/\/gbb.bzh\/manoir-de-kernault\/"},"modified":"2025-11-13T16:18:30","modified_gmt":"2025-11-13T15:18:30","slug":"le-manoir-de-kernault","status":"publish","type":"page","link":"https:\/\/gbb.bzh\/fr\/le-festival\/le-manoir-de-kernault\/","title":{"rendered":"Manoir de Kernault"},"content":{"rendered":"\t\t<div data-elementor-type=\"wp-page\" data-elementor-id=\"4127\" class=\"elementor elementor-4127 elementor-4121\" data-elementor-post-type=\"page\">\n\t\t\t\t\t\t<section class=\"elementor-section elementor-top-section elementor-element elementor-element-689502f elementor-section-boxed elementor-section-height-default elementor-section-height-default\" data-id=\"689502f\" data-element_type=\"section\" data-e-type=\"section\" data-settings=\"{&quot;background_background&quot;:&quot;classic&quot;}\">\n\t\t\t\t\t\t\t<div class=\"elementor-background-overlay\"><\/div>\n\t\t\t\t\t\t\t<div class=\"elementor-container elementor-column-gap-default\">\n\t\t\t\t\t<div class=\"elementor-column elementor-col-100 elementor-top-column elementor-element elementor-element-be421ed\" data-id=\"be421ed\" data-element_type=\"column\" data-e-type=\"column\">\n\t\t\t<div class=\"elementor-widget-wrap elementor-element-populated\">\n\t\t\t\t\t\t<div class=\"elementor-element elementor-element-a486f88 elementor-widget elementor-widget-spacer\" data-id=\"a486f88\" data-element_type=\"widget\" data-e-type=\"widget\" data-widget_type=\"spacer.default\">\n\t\t\t\t\t\t\t<div class=\"elementor-spacer\">\n\t\t\t<div class=\"elementor-spacer-inner\"><\/div>\n\t\t<\/div>\n\t\t\t\t\t\t<\/div>\n\t\t\t\t<div class=\"elementor-element elementor-element-4078c2f elementor-widget elementor-widget-heading\" data-id=\"4078c2f\" data-element_type=\"widget\" data-e-type=\"widget\" data-widget_type=\"heading.default\">\n\t\t\t\t\t<h1 class=\"elementor-heading-title elementor-size-default\">Manoir de Kernault<\/h1>\t\t\t\t<\/div>\n\t\t\t\t\t<\/div>\n\t\t<\/div>\n\t\t\t\t\t<\/div>\n\t\t<\/section>\n\t\t\t\t<section class=\"elementor-section elementor-top-section elementor-element elementor-element-b1b790c elementor-section-boxed elementor-section-height-default elementor-section-height-default\" data-id=\"b1b790c\" data-element_type=\"section\" data-e-type=\"section\">\n\t\t\t\t\t\t<div class=\"elementor-container elementor-column-gap-default\">\n\t\t\t\t\t<div class=\"elementor-column elementor-col-100 elementor-top-column elementor-element elementor-element-f66d7d4\" data-id=\"f66d7d4\" data-element_type=\"column\" data-e-type=\"column\">\n\t\t\t<div class=\"elementor-widget-wrap elementor-element-populated\">\n\t\t\t\t\t\t<div class=\"elementor-element elementor-element-04de310 elementor-widget elementor-widget-text-editor\" data-id=\"04de310\" data-element_type=\"widget\" data-e-type=\"widget\" data-widget_type=\"text-editor.default\">\n\t\t\t\t\t\t\t\t\t<p>Le Manoir de Kernault, domaine patrimonial remarquable, est aujourd\u2019hui compos\u00e9 d\u2019un manoir dont la construction commence au 15e si\u00e8cle et d\u2019un parc paysager de 30 hectares. Il fait partie des cinq sites de l\u2019\u00c9tablissement public de coop\u00e9ration culturelle Chemins du patrimoine en Finist\u00e8re dont le projet culturel met en \u00e9vidence les continuit\u00e9s, les mutations, les ruptures avec le temps pass\u00e9. Il pose la question des diff\u00e9rences, des apports mutuels, des m\u00e9tissages, de l\u2019identit\u00e9, de la diversit\u00e9 naturelle et culturelle.  <\/p>\t\t\t\t\t\t\t\t<\/div>\n\t\t\t\t<div class=\"elementor-element elementor-element-2c6ef37 elementor-widget elementor-widget-text-editor\" data-id=\"2c6ef37\" data-element_type=\"widget\" data-e-type=\"widget\" data-widget_type=\"text-editor.default\">\n\t\t\t\t\t\t\t\t\t<p>Le Manoir de Kernault a abrit\u00e9 le Centre de documentation et de recherche sur la litt\u00e9rature orale, antenne du Centre de recherches bretonnes et celtiques (UBO, Brest). Il s\u2019int\u00e9resse \u00e0 la parole sous toutes ses formes et, de fil en aiguille, \u00e0 l\u2019imaginaire.  <\/p>\t\t\t\t\t\t\t\t<\/div>\n\t\t\t\t<div class=\"elementor-element elementor-element-61a7e35 elementor-widget elementor-widget-text-editor\" data-id=\"61a7e35\" data-element_type=\"widget\" data-e-type=\"widget\" data-widget_type=\"text-editor.default\">\n\t\t\t\t\t\t\t\t\t<p>On y raconte des histoires en soulignant leur ancrage dans le monde contemporain, que ce soit \u00e0 l\u2019occasion des \u00e9v\u00e9nements qui jalonnent l\u2019ann\u00e9e, dans les expositions (\u00ab Quand la mer monte. Terres et cit\u00e9s englouties \u00bb en 2025) et dans les nombreuses activit\u00e9s de m\u00e9diation (parcours de d\u00e9couverte des arbres, visites flash, etc.) plurilingues. <\/p>\t\t\t\t\t\t\t\t<\/div>\n\t\t\t\t<div class=\"elementor-element elementor-element-42fa9b2 elementor-widget elementor-widget-text-editor\" data-id=\"42fa9b2\" data-element_type=\"widget\" data-e-type=\"widget\" data-widget_type=\"text-editor.default\">\n\t\t\t\t\t\t\t\t\t<p>Portant lui-m\u00eame une attention particuli\u00e8re \u00e0 l\u2019accessibilit\u00e9 universelle, c\u2019est donc assez naturellement que le Manoir de Kernault est apparu comme un lieu privil\u00e9gi\u00e9, comme un partenaire sur mesure pour accueillir Gouel Broadel ar Brezhoneg en 2025 ainsi qu&#8217;en 2026.<\/p>\t\t\t\t\t\t\t\t<\/div>\n\t\t\t\t\t<\/div>\n\t\t<\/div>\n\t\t\t\t\t<\/div>\n\t\t<\/section>\n\t\t\t\t<\/div>\n\t\t","protected":false},"excerpt":{"rendered":"<p>Manoir de Kernault Le Manoir de Kernault, domaine patrimonial remarquable, est aujourd\u2019hui compos\u00e9 d\u2019un manoir dont la construction commence au 15e si\u00e8cle et d\u2019un parc paysager de 30 hectares. Il fait partie des cinq sites de l\u2019\u00c9tablissement public de coop\u00e9ration culturelle Chemins du patrimoine en Finist\u00e8re dont le projet culturel met en \u00e9vidence les continuit\u00e9s, [&hellip;]<\/p>\n","protected":false},"author":4,"featured_media":0,"parent":2153,"menu_order":2,"comment_status":"closed","ping_status":"closed","template":"","meta":{"_acf_changed":false,"footnotes":""},"class_list":["post-4127","page","type-page","status-publish","hentry"],"acf":[],"yoast_head":"<!-- This site is optimized with the Yoast SEO plugin v24.4 - https:\/\/yoast.com\/wordpress\/plugins\/seo\/ -->\n<title>Manoir de Kernault - GBB<\/title>\n<meta name=\"robots\" content=\"index, follow, max-snippet:-1, max-image-preview:large, max-video-preview:-1\" \/>\n<link rel=\"canonical\" href=\"https:\/\/gbb.bzh\/istor\/maner-kernod\/\" \/>\n<meta property=\"og:locale\" content=\"fr_FR\" \/>\n<meta property=\"og:type\" content=\"article\" \/>\n<meta property=\"og:title\" content=\"Manoir de Kernault - GBB\" \/>\n<meta property=\"og:description\" content=\"Manoir de Kernault Le Manoir de Kernault, domaine patrimonial remarquable, est aujourd\u2019hui compos\u00e9 d\u2019un manoir dont la construction commence au 15e si\u00e8cle et d\u2019un parc paysager de 30 hectares. Il fait partie des cinq sites de l\u2019\u00c9tablissement public de coop\u00e9ration culturelle Chemins du patrimoine en Finist\u00e8re dont le projet culturel met en \u00e9vidence les continuit\u00e9s, [&hellip;]\" \/>\n<meta property=\"og:url\" content=\"https:\/\/gbb.bzh\/istor\/maner-kernod\/\" \/>\n<meta property=\"og:site_name\" content=\"GBB\" \/>\n<meta property=\"article:modified_time\" content=\"2025-11-13T15:18:30+00:00\" \/>\n<meta name=\"twitter:card\" content=\"summary_large_image\" \/>\n<script type=\"application\/ld+json\" class=\"yoast-schema-graph\">{\"@context\":\"https:\/\/schema.org\",\"@graph\":[{\"@type\":\"WebPage\",\"@id\":\"https:\/\/gbb.bzh\/istor\/maner-kernod\/\",\"url\":\"https:\/\/gbb.bzh\/istor\/maner-kernod\/\",\"name\":\"Manoir de Kernault - GBB\",\"isPartOf\":{\"@id\":\"https:\/\/gbb.bzh\/#website\"},\"datePublished\":\"2024-11-21T17:00:00+00:00\",\"dateModified\":\"2025-11-13T15:18:30+00:00\",\"breadcrumb\":{\"@id\":\"https:\/\/gbb.bzh\/istor\/maner-kernod\/#breadcrumb\"},\"inLanguage\":\"fr\",\"potentialAction\":[{\"@type\":\"ReadAction\",\"target\":[\"https:\/\/gbb.bzh\/istor\/maner-kernod\/\"]}]},{\"@type\":\"BreadcrumbList\",\"@id\":\"https:\/\/gbb.bzh\/istor\/maner-kernod\/#breadcrumb\",\"itemListElement\":[{\"@type\":\"ListItem\",\"position\":1,\"name\":\"Home\",\"item\":\"https:\/\/gbb.bzh\/fr\/\"},{\"@type\":\"ListItem\",\"position\":2,\"name\":\"Histoire de GBB\",\"item\":\"https:\/\/gbb.bzh\/fr\/le-festival\/\"},{\"@type\":\"ListItem\",\"position\":3,\"name\":\"Manoir de Kernault\"}]},{\"@type\":\"WebSite\",\"@id\":\"https:\/\/gbb.bzh\/#website\",\"url\":\"https:\/\/gbb.bzh\/\",\"name\":\"GBB\",\"description\":\"Gouel Broadel ar Brezhoneg\",\"publisher\":{\"@id\":\"https:\/\/gbb.bzh\/#organization\"},\"potentialAction\":[{\"@type\":\"SearchAction\",\"target\":{\"@type\":\"EntryPoint\",\"urlTemplate\":\"https:\/\/gbb.bzh\/?s={search_term_string}\"},\"query-input\":{\"@type\":\"PropertyValueSpecification\",\"valueRequired\":true,\"valueName\":\"search_term_string\"}}],\"inLanguage\":\"fr\"},{\"@type\":\"Organization\",\"@id\":\"https:\/\/gbb.bzh\/#organization\",\"name\":\"GBB\",\"url\":\"https:\/\/gbb.bzh\/\",\"logo\":{\"@type\":\"ImageObject\",\"inLanguage\":\"fr\",\"@id\":\"https:\/\/gbb.bzh\/#\/schema\/logo\/image\/\",\"url\":\"https:\/\/gbb.bzh\/wp-content\/uploads\/2022\/07\/GBB25_logo-gwenn.png\",\"contentUrl\":\"https:\/\/gbb.bzh\/wp-content\/uploads\/2022\/07\/GBB25_logo-gwenn.png\",\"width\":6775,\"height\":3905,\"caption\":\"GBB\"},\"image\":{\"@id\":\"https:\/\/gbb.bzh\/#\/schema\/logo\/image\/\"}}]}<\/script>\n<!-- \/ Yoast SEO plugin. -->","yoast_head_json":{"title":"Manoir de Kernault - GBB","robots":{"index":"index","follow":"follow","max-snippet":"max-snippet:-1","max-image-preview":"max-image-preview:large","max-video-preview":"max-video-preview:-1"},"canonical":"https:\/\/gbb.bzh\/istor\/maner-kernod\/","og_locale":"fr_FR","og_type":"article","og_title":"Manoir de Kernault - GBB","og_description":"Manoir de Kernault Le Manoir de Kernault, domaine patrimonial remarquable, est aujourd\u2019hui compos\u00e9 d\u2019un manoir dont la construction commence au 15e si\u00e8cle et d\u2019un parc paysager de 30 hectares. Il fait partie des cinq sites de l\u2019\u00c9tablissement public de coop\u00e9ration culturelle Chemins du patrimoine en Finist\u00e8re dont le projet culturel met en \u00e9vidence les continuit\u00e9s, [&hellip;]","og_url":"https:\/\/gbb.bzh\/istor\/maner-kernod\/","og_site_name":"GBB","article_modified_time":"2025-11-13T15:18:30+00:00","twitter_card":"summary_large_image","schema":{"@context":"https:\/\/schema.org","@graph":[{"@type":"WebPage","@id":"https:\/\/gbb.bzh\/istor\/maner-kernod\/","url":"https:\/\/gbb.bzh\/istor\/maner-kernod\/","name":"Manoir de Kernault - GBB","isPartOf":{"@id":"https:\/\/gbb.bzh\/#website"},"datePublished":"2024-11-21T17:00:00+00:00","dateModified":"2025-11-13T15:18:30+00:00","breadcrumb":{"@id":"https:\/\/gbb.bzh\/istor\/maner-kernod\/#breadcrumb"},"inLanguage":"fr","potentialAction":[{"@type":"ReadAction","target":["https:\/\/gbb.bzh\/istor\/maner-kernod\/"]}]},{"@type":"BreadcrumbList","@id":"https:\/\/gbb.bzh\/istor\/maner-kernod\/#breadcrumb","itemListElement":[{"@type":"ListItem","position":1,"name":"Home","item":"https:\/\/gbb.bzh\/fr\/"},{"@type":"ListItem","position":2,"name":"Histoire de GBB","item":"https:\/\/gbb.bzh\/fr\/le-festival\/"},{"@type":"ListItem","position":3,"name":"Manoir de Kernault"}]},{"@type":"WebSite","@id":"https:\/\/gbb.bzh\/#website","url":"https:\/\/gbb.bzh\/","name":"GBB","description":"Gouel Broadel ar Brezhoneg","publisher":{"@id":"https:\/\/gbb.bzh\/#organization"},"potentialAction":[{"@type":"SearchAction","target":{"@type":"EntryPoint","urlTemplate":"https:\/\/gbb.bzh\/?s={search_term_string}"},"query-input":{"@type":"PropertyValueSpecification","valueRequired":true,"valueName":"search_term_string"}}],"inLanguage":"fr"},{"@type":"Organization","@id":"https:\/\/gbb.bzh\/#organization","name":"GBB","url":"https:\/\/gbb.bzh\/","logo":{"@type":"ImageObject","inLanguage":"fr","@id":"https:\/\/gbb.bzh\/#\/schema\/logo\/image\/","url":"https:\/\/gbb.bzh\/wp-content\/uploads\/2022\/07\/GBB25_logo-gwenn.png","contentUrl":"https:\/\/gbb.bzh\/wp-content\/uploads\/2022\/07\/GBB25_logo-gwenn.png","width":6775,"height":3905,"caption":"GBB"},"image":{"@id":"https:\/\/gbb.bzh\/#\/schema\/logo\/image\/"}}]}},"_links":{"self":[{"href":"https:\/\/gbb.bzh\/fr\/wp-json\/wp\/v2\/pages\/4127","targetHints":{"allow":["GET"]}}],"collection":[{"href":"https:\/\/gbb.bzh\/fr\/wp-json\/wp\/v2\/pages"}],"about":[{"href":"https:\/\/gbb.bzh\/fr\/wp-json\/wp\/v2\/types\/page"}],"author":[{"embeddable":true,"href":"https:\/\/gbb.bzh\/fr\/wp-json\/wp\/v2\/users\/4"}],"replies":[{"embeddable":true,"href":"https:\/\/gbb.bzh\/fr\/wp-json\/wp\/v2\/comments?post=4127"}],"version-history":[{"count":11,"href":"https:\/\/gbb.bzh\/fr\/wp-json\/wp\/v2\/pages\/4127\/revisions"}],"predecessor-version":[{"id":6142,"href":"https:\/\/gbb.bzh\/fr\/wp-json\/wp\/v2\/pages\/4127\/revisions\/6142"}],"up":[{"embeddable":true,"href":"https:\/\/gbb.bzh\/fr\/wp-json\/wp\/v2\/pages\/2153"}],"wp:attachment":[{"href":"https:\/\/gbb.bzh\/fr\/wp-json\/wp\/v2\/media?parent=4127"}],"curies":[{"name":"wp","href":"https:\/\/api.w.org\/{rel}","templated":true}]}}