{"id":2153,"date":"2022-08-04T10:00:18","date_gmt":"2022-08-04T08:00:18","guid":{"rendered":"https:\/\/gbb.bzh\/le-festival\/"},"modified":"2026-04-11T22:12:00","modified_gmt":"2026-04-11T20:12:00","slug":"le-festival","status":"publish","type":"page","link":"https:\/\/gbb.bzh\/fr\/le-festival\/","title":{"rendered":"Histoire de GBB"},"content":{"rendered":"\t\t<div data-elementor-type=\"wp-post\" data-elementor-id=\"2153\" class=\"elementor elementor-2153 elementor-13\" data-elementor-post-type=\"page\">\n\t\t\t\t\t\t<section class=\"elementor-section elementor-top-section elementor-element elementor-element-a827d64 elementor-section-boxed elementor-section-height-default elementor-section-height-default\" data-id=\"a827d64\" data-element_type=\"section\" data-e-type=\"section\" data-settings=\"{&quot;background_background&quot;:&quot;classic&quot;}\">\n\t\t\t\t\t\t\t<div class=\"elementor-background-overlay\"><\/div>\n\t\t\t\t\t\t\t<div class=\"elementor-container elementor-column-gap-default\">\n\t\t\t\t\t<div class=\"elementor-column elementor-col-100 elementor-top-column elementor-element elementor-element-d89fe90\" data-id=\"d89fe90\" data-element_type=\"column\" data-e-type=\"column\">\n\t\t\t<div class=\"elementor-widget-wrap elementor-element-populated\">\n\t\t\t\t\t\t<div class=\"elementor-element elementor-element-7372500 elementor-widget elementor-widget-spacer\" data-id=\"7372500\" data-element_type=\"widget\" data-e-type=\"widget\" data-widget_type=\"spacer.default\">\n\t\t\t\t\t\t\t<div class=\"elementor-spacer\">\n\t\t\t<div class=\"elementor-spacer-inner\"><\/div>\n\t\t<\/div>\n\t\t\t\t\t\t<\/div>\n\t\t\t\t<div class=\"elementor-element elementor-element-39b0e72 elementor-widget elementor-widget-heading\" data-id=\"39b0e72\" data-element_type=\"widget\" data-e-type=\"widget\" data-widget_type=\"heading.default\">\n\t\t\t\t\t<h1 class=\"elementor-heading-title elementor-size-default\">Histoire de GBB<\/h1>\t\t\t\t<\/div>\n\t\t\t\t\t<\/div>\n\t\t<\/div>\n\t\t\t\t\t<\/div>\n\t\t<\/section>\n\t\t\t\t<section class=\"elementor-section elementor-top-section elementor-element elementor-element-c84ae23 elementor-section-boxed elementor-section-height-default elementor-section-height-default\" data-id=\"c84ae23\" data-element_type=\"section\" data-e-type=\"section\" id=\"two\">\n\t\t\t\t\t\t<div class=\"elementor-container elementor-column-gap-default\">\n\t\t\t\t\t<div class=\"elementor-column elementor-col-100 elementor-top-column elementor-element elementor-element-01a8bb0\" data-id=\"01a8bb0\" data-element_type=\"column\" data-e-type=\"column\">\n\t\t\t<div class=\"elementor-widget-wrap elementor-element-populated\">\n\t\t\t\t\t\t<div class=\"elementor-element elementor-element-b2d69e4 elementor-widget__width-initial elementor-widget elementor-widget-video\" data-id=\"b2d69e4\" data-element_type=\"widget\" data-e-type=\"widget\" data-settings=\"{&quot;youtube_url&quot;:&quot;https:\\\/\\\/youtu.be\\\/vLgtdusVFqI&quot;,&quot;autoplay&quot;:&quot;yes&quot;,&quot;play_on_mobile&quot;:&quot;yes&quot;,&quot;mute&quot;:&quot;yes&quot;,&quot;loop&quot;:&quot;yes&quot;,&quot;video_type&quot;:&quot;youtube&quot;,&quot;controls&quot;:&quot;yes&quot;}\" data-widget_type=\"video.default\">\n\t\t\t\t\t\t\t<div class=\"elementor-wrapper elementor-open-inline\">\n\t\t\t<div class=\"elementor-video\"><\/div>\t\t<\/div>\n\t\t\t\t\t\t<\/div>\n\t\t\t\t<div class=\"elementor-element elementor-element-3a0d3f9 elementor-hidden-mobile elementor-widget elementor-widget-spacer\" data-id=\"3a0d3f9\" data-element_type=\"widget\" data-e-type=\"widget\" data-widget_type=\"spacer.default\">\n\t\t\t\t\t\t\t<div class=\"elementor-spacer\">\n\t\t\t<div class=\"elementor-spacer-inner\"><\/div>\n\t\t<\/div>\n\t\t\t\t\t\t<\/div>\n\t\t\t\t<div class=\"elementor-element elementor-element-0cb6628 elementor-widget__width-inherit elementor-widget elementor-widget-text-editor\" data-id=\"0cb6628\" data-element_type=\"widget\" data-e-type=\"widget\" data-widget_type=\"text-editor.default\">\n\t\t\t\t\t\t\t\t\t<p>Gouel broadel ar brezhoneg \u2013 La F\u00eate nationale de la langue bretonne a \u00e9t\u00e9 cr\u00e9\u00e9e en l\u2019honneur de ses locuteurs\u00b7trices, au cours des ann\u00e9es 1970. La f\u00eate est arriv\u00e9e jusqu&#8217;\u00e0 nous au fil des g\u00e9n\u00e9rations.<\/p><p>\u201cAr gouel \u2018zo mat, ar stourm \u2018zo tad\u201d est un documentaire tr\u00e8s int\u00e9ressant (52\u2019), r\u00e9alis\u00e9 par Riwal Kermarrec, produit par France 3 Bretagne. Il donne la parole aux organisateurs\u00b7trices historiques du festival, aux artistes qui nous expliquent \u00e0 quel point de tels \u00e9v\u00e9nements sont importants pour celles et ceux qui cr\u00e9ent en breton, \u00e0 d\u2019autres militant\u00b7e\u00b7s qui portent \u00e0 notre connaissance la valeur politique d\u2019un tel engagement\u2026<\/p>\t\t\t\t\t\t\t\t<\/div>\n\t\t\t\t<div class=\"elementor-element elementor-element-93008c8 elementor-align-center elementor-button-info elementor-widget elementor-widget-button\" data-id=\"93008c8\" data-element_type=\"widget\" data-e-type=\"widget\" data-widget_type=\"button.default\">\n\t\t\t\t\t\t\t\t\t\t<a class=\"elementor-button elementor-button-link elementor-size-xs\" href=\"https:\/\/bcd.bzh\/becedia\/fr\/gouel-broadel-ar-brezhoneg-la-fete-la-lutte-et-la-transmission?fbclid=IwAR1KAcfZs_Uq6oZTKIZH4uhjAUVDQjREr7Te8gGl3Ls6AhPJ5v9E8GEdDNQ\">\n\t\t\t\t\t\t<span class=\"elementor-button-content-wrapper\">\n\t\t\t\t\t\t<span class=\"elementor-button-icon\">\n\t\t\t\t<svg aria-hidden=\"true\" class=\"e-font-icon-svg e-fas-external-link-alt\" viewBox=\"0 0 512 512\" xmlns=\"http:\/\/www.w3.org\/2000\/svg\"><path d=\"M432,320H400a16,16,0,0,0-16,16V448H64V128H208a16,16,0,0,0,16-16V80a16,16,0,0,0-16-16H48A48,48,0,0,0,0,112V464a48,48,0,0,0,48,48H400a48,48,0,0,0,48-48V336A16,16,0,0,0,432,320ZM488,0h-128c-21.37,0-32.05,25.91-17,41l35.73,35.73L135,320.37a24,24,0,0,0,0,34L157.67,377a24,24,0,0,0,34,0L435.28,133.32,471,169c15,15,41,4.5,41-17V24A24,24,0,0,0,488,0Z\"><\/path><\/svg>\t\t\t<\/span>\n\t\t\t\t\t\t\t\t\t<span class=\"elementor-button-text\">Aller plus loin : article BCD<\/span>\n\t\t\t\t\t<\/span>\n\t\t\t\t\t<\/a>\n\t\t\t\t\t\t\t\t<\/div>\n\t\t\t\t<div class=\"elementor-element elementor-element-6a6fd8f elementor-widget__width-inherit elementor-arrows-position-inside elementor-widget elementor-widget-image-carousel\" data-id=\"6a6fd8f\" data-element_type=\"widget\" data-e-type=\"widget\" data-settings=\"{&quot;navigation&quot;:&quot;arrows&quot;,&quot;autoplay_speed&quot;:6000,&quot;image_spacing_custom&quot;:{&quot;unit&quot;:&quot;px&quot;,&quot;size&quot;:0,&quot;sizes&quot;:[]},&quot;autoplay&quot;:&quot;yes&quot;,&quot;pause_on_hover&quot;:&quot;yes&quot;,&quot;pause_on_interaction&quot;:&quot;yes&quot;,&quot;infinite&quot;:&quot;yes&quot;,&quot;speed&quot;:500,&quot;image_spacing_custom_tablet&quot;:{&quot;unit&quot;:&quot;px&quot;,&quot;size&quot;:&quot;&quot;,&quot;sizes&quot;:[]},&quot;image_spacing_custom_mobile&quot;:{&quot;unit&quot;:&quot;px&quot;,&quot;size&quot;:&quot;&quot;,&quot;sizes&quot;:[]}}\" data-widget_type=\"image-carousel.default\">\n\t\t\t\t\t\t\t<div class=\"elementor-image-carousel-wrapper swiper\" role=\"region\" aria-roledescription=\"carousel\" aria-label=\"Carrousel d\u2019images\" dir=\"ltr\">\n\t\t\t<div class=\"elementor-image-carousel swiper-wrapper\" aria-live=\"off\">\n\t\t\t\t\t\t\t\t<div class=\"swiper-slide\" role=\"group\" aria-roledescription=\"slide\" aria-label=\"1 of 21\"><figure class=\"swiper-slide-inner\"><img decoding=\"async\" class=\"swiper-slide-image\" src=\"https:\/\/gbb.bzh\/wp-content\/uploads\/2022\/08\/skritell-7-200x300.jpg\" alt=\"skritell 7\" \/><\/figure><\/div><div class=\"swiper-slide\" role=\"group\" aria-roledescription=\"slide\" aria-label=\"2 of 21\"><figure class=\"swiper-slide-inner\"><img decoding=\"async\" class=\"swiper-slide-image\" src=\"https:\/\/gbb.bzh\/wp-content\/uploads\/2022\/08\/skritell5-200x300.jpg\" alt=\"skritell5\" \/><\/figure><\/div><div class=\"swiper-slide\" role=\"group\" aria-roledescription=\"slide\" aria-label=\"3 of 21\"><figure class=\"swiper-slide-inner\"><img decoding=\"async\" class=\"swiper-slide-image\" src=\"https:\/\/gbb.bzh\/wp-content\/uploads\/2022\/08\/skritell6-200x300.jpg\" alt=\"skritell6\" \/><\/figure><\/div><div class=\"swiper-slide\" role=\"group\" aria-roledescription=\"slide\" aria-label=\"4 of 21\"><figure class=\"swiper-slide-inner\"><img decoding=\"async\" class=\"swiper-slide-image\" src=\"https:\/\/gbb.bzh\/wp-content\/uploads\/2022\/08\/skritell4-200x300.jpg\" alt=\"skritell4\" \/><\/figure><\/div><div class=\"swiper-slide\" role=\"group\" aria-roledescription=\"slide\" aria-label=\"5 of 21\"><figure class=\"swiper-slide-inner\"><img decoding=\"async\" class=\"swiper-slide-image\" src=\"https:\/\/gbb.bzh\/wp-content\/uploads\/2022\/08\/skritell3-200x300.jpg\" alt=\"skritell3\" \/><\/figure><\/div><div class=\"swiper-slide\" role=\"group\" aria-roledescription=\"slide\" aria-label=\"6 of 21\"><figure class=\"swiper-slide-inner\"><img decoding=\"async\" class=\"swiper-slide-image\" src=\"https:\/\/gbb.bzh\/wp-content\/uploads\/2022\/08\/skritell2-200x300.jpg\" alt=\"skritell2\" \/><\/figure><\/div><div class=\"swiper-slide\" role=\"group\" aria-roledescription=\"slide\" aria-label=\"7 of 21\"><figure class=\"swiper-slide-inner\"><img decoding=\"async\" class=\"swiper-slide-image\" src=\"https:\/\/gbb.bzh\/wp-content\/uploads\/2022\/08\/skritell1-200x300.jpg\" alt=\"skritell1\" \/><\/figure><\/div><div class=\"swiper-slide\" role=\"group\" aria-roledescription=\"slide\" aria-label=\"8 of 21\"><figure class=\"swiper-slide-inner\"><img decoding=\"async\" class=\"swiper-slide-image\" src=\"https:\/\/gbb.bzh\/wp-content\/uploads\/2022\/08\/skritell-22-200x300.jpg\" alt=\"skritell 22\" \/><\/figure><\/div><div class=\"swiper-slide\" role=\"group\" aria-roledescription=\"slide\" aria-label=\"9 of 21\"><figure class=\"swiper-slide-inner\"><img decoding=\"async\" class=\"swiper-slide-image\" src=\"https:\/\/gbb.bzh\/wp-content\/uploads\/2022\/08\/skritell-21-200x300.jpg\" alt=\"skritell 21\" \/><\/figure><\/div><div class=\"swiper-slide\" role=\"group\" aria-roledescription=\"slide\" aria-label=\"10 of 21\"><figure class=\"swiper-slide-inner\"><img decoding=\"async\" class=\"swiper-slide-image\" src=\"https:\/\/gbb.bzh\/wp-content\/uploads\/2022\/08\/skritell-20-200x300.jpg\" alt=\"skritell 20\" \/><\/figure><\/div><div class=\"swiper-slide\" role=\"group\" aria-roledescription=\"slide\" aria-label=\"11 of 21\"><figure class=\"swiper-slide-inner\"><img decoding=\"async\" class=\"swiper-slide-image\" src=\"https:\/\/gbb.bzh\/wp-content\/uploads\/2022\/08\/skritell-19-200x300.jpg\" alt=\"skritell 19\" \/><\/figure><\/div><div class=\"swiper-slide\" role=\"group\" aria-roledescription=\"slide\" aria-label=\"12 of 21\"><figure class=\"swiper-slide-inner\"><img decoding=\"async\" class=\"swiper-slide-image\" src=\"https:\/\/gbb.bzh\/wp-content\/uploads\/2022\/08\/skritell-18-200x300.jpg\" alt=\"skritell 18\" \/><\/figure><\/div><div class=\"swiper-slide\" role=\"group\" aria-roledescription=\"slide\" aria-label=\"13 of 21\"><figure class=\"swiper-slide-inner\"><img decoding=\"async\" class=\"swiper-slide-image\" src=\"https:\/\/gbb.bzh\/wp-content\/uploads\/2022\/08\/skritell-17-200x300.jpg\" alt=\"skritell 17\" \/><\/figure><\/div><div class=\"swiper-slide\" role=\"group\" aria-roledescription=\"slide\" aria-label=\"14 of 21\"><figure class=\"swiper-slide-inner\"><img decoding=\"async\" class=\"swiper-slide-image\" src=\"https:\/\/gbb.bzh\/wp-content\/uploads\/2022\/08\/skritell-16-200x300.jpg\" alt=\"skritell 16\" \/><\/figure><\/div><div class=\"swiper-slide\" role=\"group\" aria-roledescription=\"slide\" aria-label=\"15 of 21\"><figure class=\"swiper-slide-inner\"><img decoding=\"async\" class=\"swiper-slide-image\" src=\"https:\/\/gbb.bzh\/wp-content\/uploads\/2022\/08\/skritell-15-200x300.jpg\" alt=\"skritell 15\" \/><\/figure><\/div><div class=\"swiper-slide\" role=\"group\" aria-roledescription=\"slide\" aria-label=\"16 of 21\"><figure class=\"swiper-slide-inner\"><img decoding=\"async\" class=\"swiper-slide-image\" src=\"https:\/\/gbb.bzh\/wp-content\/uploads\/2022\/08\/skritell-14-200x300.jpg\" alt=\"skritell 14\" \/><\/figure><\/div><div class=\"swiper-slide\" role=\"group\" aria-roledescription=\"slide\" aria-label=\"17 of 21\"><figure class=\"swiper-slide-inner\"><img decoding=\"async\" class=\"swiper-slide-image\" src=\"https:\/\/gbb.bzh\/wp-content\/uploads\/2022\/08\/skritell-13-200x300.jpg\" alt=\"skritell 13\" \/><\/figure><\/div><div class=\"swiper-slide\" role=\"group\" aria-roledescription=\"slide\" aria-label=\"18 of 21\"><figure class=\"swiper-slide-inner\"><img decoding=\"async\" class=\"swiper-slide-image\" src=\"https:\/\/gbb.bzh\/wp-content\/uploads\/2022\/08\/skritell-11-200x300.jpg\" alt=\"skritell 11\" \/><\/figure><\/div><div class=\"swiper-slide\" role=\"group\" aria-roledescription=\"slide\" aria-label=\"19 of 21\"><figure class=\"swiper-slide-inner\"><img decoding=\"async\" class=\"swiper-slide-image\" src=\"https:\/\/gbb.bzh\/wp-content\/uploads\/2022\/08\/skritell-10-200x300.jpg\" alt=\"skritell 10\" \/><\/figure><\/div><div class=\"swiper-slide\" role=\"group\" aria-roledescription=\"slide\" aria-label=\"20 of 21\"><figure class=\"swiper-slide-inner\"><img decoding=\"async\" class=\"swiper-slide-image\" src=\"https:\/\/gbb.bzh\/wp-content\/uploads\/2022\/08\/skritell-9-200x300.jpg\" alt=\"skritell 9\" \/><\/figure><\/div><div class=\"swiper-slide\" role=\"group\" aria-roledescription=\"slide\" aria-label=\"21 of 21\"><figure class=\"swiper-slide-inner\"><img decoding=\"async\" class=\"swiper-slide-image\" src=\"https:\/\/gbb.bzh\/wp-content\/uploads\/2022\/08\/skritell-8-200x300.jpg\" alt=\"skritell 8\" \/><\/figure><\/div>\t\t\t<\/div>\n\t\t\t\t\t\t\t\t\t\t\t\t<div class=\"elementor-swiper-button elementor-swiper-button-prev\" role=\"button\" tabindex=\"0\">\n\t\t\t\t\t\t<svg aria-hidden=\"true\" class=\"e-font-icon-svg e-eicon-chevron-left\" viewBox=\"0 0 1000 1000\" xmlns=\"http:\/\/www.w3.org\/2000\/svg\"><path d=\"M646 125C629 125 613 133 604 142L308 442C296 454 292 471 292 487 292 504 296 521 308 533L604 854C617 867 629 875 646 875 663 875 679 871 692 858 704 846 713 829 713 812 713 796 708 779 692 767L438 487 692 225C700 217 708 204 708 187 708 171 704 154 692 142 675 129 663 125 646 125Z\"><\/path><\/svg>\t\t\t\t\t<\/div>\n\t\t\t\t\t<div class=\"elementor-swiper-button elementor-swiper-button-next\" role=\"button\" tabindex=\"0\">\n\t\t\t\t\t\t<svg aria-hidden=\"true\" class=\"e-font-icon-svg e-eicon-chevron-right\" viewBox=\"0 0 1000 1000\" xmlns=\"http:\/\/www.w3.org\/2000\/svg\"><path d=\"M696 533C708 521 713 504 713 487 713 471 708 454 696 446L400 146C388 133 375 125 354 125 338 125 325 129 313 142 300 154 292 171 292 187 292 204 296 221 308 233L563 492 304 771C292 783 288 800 288 817 288 833 296 850 308 863 321 871 338 875 354 875 371 875 388 867 400 854L696 533Z\"><\/path><\/svg>\t\t\t\t\t<\/div>\n\t\t\t\t\n\t\t\t\t\t\t\t\t\t<\/div>\n\t\t\t\t\t\t<\/div>\n\t\t\t\t\t<\/div>\n\t\t<\/div>\n\t\t\t\t\t<\/div>\n\t\t<\/section>\n\t\t\t\t<\/div>\n\t\t","protected":false},"excerpt":{"rendered":"<p>Histoire de GBB https:\/\/youtu.be\/vLgtdusVFqI Gouel broadel ar brezhoneg \u2013 La F\u00eate nationale de la langue bretonne a \u00e9t\u00e9 cr\u00e9\u00e9e en l\u2019honneur de ses locuteurs\u00b7trices, au cours des ann\u00e9es 1970. La f\u00eate est arriv\u00e9e jusqu&#8217;\u00e0 nous au fil des g\u00e9n\u00e9rations. \u201cAr gouel \u2018zo mat, ar stourm \u2018zo tad\u201d est un documentaire tr\u00e8s int\u00e9ressant (52\u2019), r\u00e9alis\u00e9 par [&hellip;]<\/p>\n","protected":false},"author":4,"featured_media":2048,"parent":0,"menu_order":1,"comment_status":"closed","ping_status":"closed","template":"","meta":{"_acf_changed":false,"footnotes":""},"class_list":["post-2153","page","type-page","status-publish","has-post-thumbnail","hentry"],"acf":[],"yoast_head":"<!-- This site is optimized with the Yoast SEO plugin v24.4 - https:\/\/yoast.com\/wordpress\/plugins\/seo\/ -->\n<title>Histoire de GBB - GBB<\/title>\n<meta name=\"description\" content=\"Tout savoir \u00e0 propos de GBB, retour sur les \u00e9ditions pass\u00e9es et d\u00e9couvrez l&#039;esprit militant du festival pour la langue bretonne.\" \/>\n<meta name=\"robots\" content=\"index, follow, max-snippet:-1, max-image-preview:large, max-video-preview:-1\" \/>\n<link rel=\"canonical\" href=\"https:\/\/gbb.bzh\/fr\/le-festival\/\" \/>\n<meta property=\"og:locale\" content=\"fr_FR\" \/>\n<meta property=\"og:type\" content=\"article\" \/>\n<meta property=\"og:title\" content=\"Histoire de GBB - GBB\" \/>\n<meta property=\"og:description\" content=\"Tout savoir \u00e0 propos de GBB, retour sur les \u00e9ditions pass\u00e9es et d\u00e9couvrez l&#039;esprit militant du festival pour la langue bretonne.\" \/>\n<meta property=\"og:url\" content=\"https:\/\/gbb.bzh\/fr\/le-festival\/\" \/>\n<meta property=\"og:site_name\" content=\"GBB\" \/>\n<meta property=\"article:modified_time\" content=\"2026-04-11T20:12:00+00:00\" \/>\n<meta property=\"og:image\" content=\"https:\/\/gbb.bzh\/wp-content\/uploads\/2022\/11\/gbb-1-1024x576.jpg\" \/>\n\t<meta property=\"og:image:width\" content=\"1024\" \/>\n\t<meta property=\"og:image:height\" content=\"576\" \/>\n\t<meta property=\"og:image:type\" content=\"image\/jpeg\" \/>\n<meta name=\"twitter:card\" content=\"summary_large_image\" \/>\n<script type=\"application\/ld+json\" class=\"yoast-schema-graph\">{\"@context\":\"https:\/\/schema.org\",\"@graph\":[{\"@type\":\"WebPage\",\"@id\":\"https:\/\/gbb.bzh\/fr\/le-festival\/\",\"url\":\"https:\/\/gbb.bzh\/fr\/le-festival\/\",\"name\":\"Histoire de GBB - GBB\",\"isPartOf\":{\"@id\":\"https:\/\/gbb.bzh\/#website\"},\"primaryImageOfPage\":{\"@id\":\"https:\/\/gbb.bzh\/fr\/le-festival\/#primaryimage\"},\"image\":{\"@id\":\"https:\/\/gbb.bzh\/fr\/le-festival\/#primaryimage\"},\"thumbnailUrl\":\"https:\/\/gbb.bzh\/wp-content\/uploads\/2022\/11\/gbb-1.jpg\",\"datePublished\":\"2022-08-04T08:00:18+00:00\",\"dateModified\":\"2026-04-11T20:12:00+00:00\",\"description\":\"Tout savoir \u00e0 propos de GBB, retour sur les \u00e9ditions pass\u00e9es et d\u00e9couvrez l'esprit militant du festival pour la langue bretonne.\",\"breadcrumb\":{\"@id\":\"https:\/\/gbb.bzh\/fr\/le-festival\/#breadcrumb\"},\"inLanguage\":\"fr\",\"potentialAction\":[{\"@type\":\"ReadAction\",\"target\":[\"https:\/\/gbb.bzh\/fr\/le-festival\/\"]}]},{\"@type\":\"ImageObject\",\"inLanguage\":\"fr\",\"@id\":\"https:\/\/gbb.bzh\/fr\/le-festival\/#primaryimage\",\"url\":\"https:\/\/gbb.bzh\/wp-content\/uploads\/2022\/11\/gbb-1.jpg\",\"contentUrl\":\"https:\/\/gbb.bzh\/wp-content\/uploads\/2022\/11\/gbb-1.jpg\",\"width\":2048,\"height\":1152},{\"@type\":\"BreadcrumbList\",\"@id\":\"https:\/\/gbb.bzh\/fr\/le-festival\/#breadcrumb\",\"itemListElement\":[{\"@type\":\"ListItem\",\"position\":1,\"name\":\"Home\",\"item\":\"https:\/\/gbb.bzh\/fr\/\"},{\"@type\":\"ListItem\",\"position\":2,\"name\":\"Histoire de GBB\"}]},{\"@type\":\"WebSite\",\"@id\":\"https:\/\/gbb.bzh\/#website\",\"url\":\"https:\/\/gbb.bzh\/\",\"name\":\"GBB\",\"description\":\"Gouel Broadel ar Brezhoneg\",\"publisher\":{\"@id\":\"https:\/\/gbb.bzh\/#organization\"},\"potentialAction\":[{\"@type\":\"SearchAction\",\"target\":{\"@type\":\"EntryPoint\",\"urlTemplate\":\"https:\/\/gbb.bzh\/?s={search_term_string}\"},\"query-input\":{\"@type\":\"PropertyValueSpecification\",\"valueRequired\":true,\"valueName\":\"search_term_string\"}}],\"inLanguage\":\"fr\"},{\"@type\":\"Organization\",\"@id\":\"https:\/\/gbb.bzh\/#organization\",\"name\":\"GBB\",\"url\":\"https:\/\/gbb.bzh\/\",\"logo\":{\"@type\":\"ImageObject\",\"inLanguage\":\"fr\",\"@id\":\"https:\/\/gbb.bzh\/#\/schema\/logo\/image\/\",\"url\":\"https:\/\/gbb.bzh\/wp-content\/uploads\/2022\/07\/GBB25_logo-gwenn.png\",\"contentUrl\":\"https:\/\/gbb.bzh\/wp-content\/uploads\/2022\/07\/GBB25_logo-gwenn.png\",\"width\":6775,\"height\":3905,\"caption\":\"GBB\"},\"image\":{\"@id\":\"https:\/\/gbb.bzh\/#\/schema\/logo\/image\/\"}}]}<\/script>\n<!-- \/ Yoast SEO plugin. -->","yoast_head_json":{"title":"Histoire de GBB - GBB","description":"Tout savoir \u00e0 propos de GBB, retour sur les \u00e9ditions pass\u00e9es et d\u00e9couvrez l'esprit militant du festival pour la langue bretonne.","robots":{"index":"index","follow":"follow","max-snippet":"max-snippet:-1","max-image-preview":"max-image-preview:large","max-video-preview":"max-video-preview:-1"},"canonical":"https:\/\/gbb.bzh\/fr\/le-festival\/","og_locale":"fr_FR","og_type":"article","og_title":"Histoire de GBB - GBB","og_description":"Tout savoir \u00e0 propos de GBB, retour sur les \u00e9ditions pass\u00e9es et d\u00e9couvrez l'esprit militant du festival pour la langue bretonne.","og_url":"https:\/\/gbb.bzh\/fr\/le-festival\/","og_site_name":"GBB","article_modified_time":"2026-04-11T20:12:00+00:00","og_image":[{"width":1024,"height":576,"url":"https:\/\/gbb.bzh\/wp-content\/uploads\/2022\/11\/gbb-1-1024x576.jpg","type":"image\/jpeg"}],"twitter_card":"summary_large_image","schema":{"@context":"https:\/\/schema.org","@graph":[{"@type":"WebPage","@id":"https:\/\/gbb.bzh\/fr\/le-festival\/","url":"https:\/\/gbb.bzh\/fr\/le-festival\/","name":"Histoire de GBB - GBB","isPartOf":{"@id":"https:\/\/gbb.bzh\/#website"},"primaryImageOfPage":{"@id":"https:\/\/gbb.bzh\/fr\/le-festival\/#primaryimage"},"image":{"@id":"https:\/\/gbb.bzh\/fr\/le-festival\/#primaryimage"},"thumbnailUrl":"https:\/\/gbb.bzh\/wp-content\/uploads\/2022\/11\/gbb-1.jpg","datePublished":"2022-08-04T08:00:18+00:00","dateModified":"2026-04-11T20:12:00+00:00","description":"Tout savoir \u00e0 propos de GBB, retour sur les \u00e9ditions pass\u00e9es et d\u00e9couvrez l'esprit militant du festival pour la langue bretonne.","breadcrumb":{"@id":"https:\/\/gbb.bzh\/fr\/le-festival\/#breadcrumb"},"inLanguage":"fr","potentialAction":[{"@type":"ReadAction","target":["https:\/\/gbb.bzh\/fr\/le-festival\/"]}]},{"@type":"ImageObject","inLanguage":"fr","@id":"https:\/\/gbb.bzh\/fr\/le-festival\/#primaryimage","url":"https:\/\/gbb.bzh\/wp-content\/uploads\/2022\/11\/gbb-1.jpg","contentUrl":"https:\/\/gbb.bzh\/wp-content\/uploads\/2022\/11\/gbb-1.jpg","width":2048,"height":1152},{"@type":"BreadcrumbList","@id":"https:\/\/gbb.bzh\/fr\/le-festival\/#breadcrumb","itemListElement":[{"@type":"ListItem","position":1,"name":"Home","item":"https:\/\/gbb.bzh\/fr\/"},{"@type":"ListItem","position":2,"name":"Histoire de GBB"}]},{"@type":"WebSite","@id":"https:\/\/gbb.bzh\/#website","url":"https:\/\/gbb.bzh\/","name":"GBB","description":"Gouel Broadel ar Brezhoneg","publisher":{"@id":"https:\/\/gbb.bzh\/#organization"},"potentialAction":[{"@type":"SearchAction","target":{"@type":"EntryPoint","urlTemplate":"https:\/\/gbb.bzh\/?s={search_term_string}"},"query-input":{"@type":"PropertyValueSpecification","valueRequired":true,"valueName":"search_term_string"}}],"inLanguage":"fr"},{"@type":"Organization","@id":"https:\/\/gbb.bzh\/#organization","name":"GBB","url":"https:\/\/gbb.bzh\/","logo":{"@type":"ImageObject","inLanguage":"fr","@id":"https:\/\/gbb.bzh\/#\/schema\/logo\/image\/","url":"https:\/\/gbb.bzh\/wp-content\/uploads\/2022\/07\/GBB25_logo-gwenn.png","contentUrl":"https:\/\/gbb.bzh\/wp-content\/uploads\/2022\/07\/GBB25_logo-gwenn.png","width":6775,"height":3905,"caption":"GBB"},"image":{"@id":"https:\/\/gbb.bzh\/#\/schema\/logo\/image\/"}}]}},"_links":{"self":[{"href":"https:\/\/gbb.bzh\/fr\/wp-json\/wp\/v2\/pages\/2153","targetHints":{"allow":["GET"]}}],"collection":[{"href":"https:\/\/gbb.bzh\/fr\/wp-json\/wp\/v2\/pages"}],"about":[{"href":"https:\/\/gbb.bzh\/fr\/wp-json\/wp\/v2\/types\/page"}],"author":[{"embeddable":true,"href":"https:\/\/gbb.bzh\/fr\/wp-json\/wp\/v2\/users\/4"}],"replies":[{"embeddable":true,"href":"https:\/\/gbb.bzh\/fr\/wp-json\/wp\/v2\/comments?post=2153"}],"version-history":[{"count":30,"href":"https:\/\/gbb.bzh\/fr\/wp-json\/wp\/v2\/pages\/2153\/revisions"}],"predecessor-version":[{"id":6679,"href":"https:\/\/gbb.bzh\/fr\/wp-json\/wp\/v2\/pages\/2153\/revisions\/6679"}],"wp:featuredmedia":[{"embeddable":true,"href":"https:\/\/gbb.bzh\/fr\/wp-json\/wp\/v2\/media\/2048"}],"wp:attachment":[{"href":"https:\/\/gbb.bzh\/fr\/wp-json\/wp\/v2\/media?parent=2153"}],"curies":[{"name":"wp","href":"https:\/\/api.w.org\/{rel}","templated":true}]}}