{"id":2474,"date":"2023-01-30T12:00:08","date_gmt":"2023-01-30T11:00:08","guid":{"rendered":"https:\/\/gbb.bzh\/?page_id=2474"},"modified":"2024-12-12T16:22:23","modified_gmt":"2024-12-12T15:22:23","slug":"menegou-lezennel","status":"publish","type":"page","link":"https:\/\/gbb.bzh\/en\/menegou-lezennel\/","title":{"rendered":"Menego\u00f9 lezennel"},"content":{"rendered":"\t\t<div data-elementor-type=\"wp-page\" data-elementor-id=\"2474\" class=\"elementor elementor-2474\" data-elementor-post-type=\"page\">\n\t\t\t\t\t\t<section class=\"elementor-section elementor-top-section elementor-element elementor-element-ce29c78 elementor-section-boxed elementor-section-height-default elementor-section-height-default\" data-id=\"ce29c78\" data-element_type=\"section\" data-e-type=\"section\">\n\t\t\t\t\t\t<div class=\"elementor-container elementor-column-gap-default\">\n\t\t\t\t\t<div class=\"elementor-column elementor-col-100 elementor-top-column elementor-element elementor-element-e6e216d\" data-id=\"e6e216d\" data-element_type=\"column\" data-e-type=\"column\">\n\t\t\t<div class=\"elementor-widget-wrap elementor-element-populated\">\n\t\t\t\t\t\t<div class=\"elementor-element elementor-element-a43bf4c elementor-widget elementor-widget-heading\" data-id=\"a43bf4c\" data-element_type=\"widget\" data-e-type=\"widget\" data-widget_type=\"heading.default\">\n\t\t\t\t\t<h2 class=\"elementor-heading-title elementor-size-default\">\u00c9DITEUR DU SITE<\/h2>\t\t\t\t<\/div>\n\t\t\t\t<div class=\"elementor-element elementor-element-699c54f elementor-widget elementor-widget-text-editor\" data-id=\"699c54f\" data-element_type=\"widget\" data-e-type=\"widget\" data-widget_type=\"text-editor.default\">\n\t\t\t\t\t\t\t\t\t<p>Mignoned ar brezhoneg, association Loi 1901 d\u00e9clar\u00e9e \u00e0 la Pr\u00e9fecture du Morbihan le lundi 30 septembre 2013. <br \/>R.N.A. : W563004742. N\u00b0 de parution : 20130041 ; paru le 12 octobre 2013 ; n\u00b0 d\u2019annonce : 957. SIRET : 80955099900019.<br \/>Directeur de la publication : Renan KERBIQUET (pr\u00e9sident de l\u2019association)<\/p>\t\t\t\t\t\t\t\t<\/div>\n\t\t\t\t<div class=\"elementor-element elementor-element-b1c5280 elementor-widget elementor-widget-heading\" data-id=\"b1c5280\" data-element_type=\"widget\" data-e-type=\"widget\" data-widget_type=\"heading.default\">\n\t\t\t\t\t<h2 class=\"elementor-heading-title elementor-size-default\">CONCEPTION ERGONOMIQUE &amp; GRAPHIQUE ET D\u00c9VELOPPEMENT<\/h2>\t\t\t\t<\/div>\n\t\t\t\t<div class=\"elementor-element elementor-element-77747e4 elementor-widget elementor-widget-text-editor\" data-id=\"77747e4\" data-element_type=\"widget\" data-e-type=\"widget\" data-widget_type=\"text-editor.default\">\n\t\t\t\t\t\t\t\t\t<p>Mignoned ar Brezhoneg<\/p>\t\t\t\t\t\t\t\t<\/div>\n\t\t\t\t<div class=\"elementor-element elementor-element-9e67f33 elementor-widget elementor-widget-heading\" data-id=\"9e67f33\" data-element_type=\"widget\" data-e-type=\"widget\" data-widget_type=\"heading.default\">\n\t\t\t\t\t<h2 class=\"elementor-heading-title elementor-size-default\">H\u00c9BERGEMENT<\/h2>\t\t\t\t<\/div>\n\t\t\t\t<div class=\"elementor-element elementor-element-405f55d elementor-widget elementor-widget-text-editor\" data-id=\"405f55d\" data-element_type=\"widget\" data-e-type=\"widget\" data-widget_type=\"text-editor.default\">\n\t\t\t\t\t\t\t\t\t<p>Digilium \u2013 10 Rue de Penthi\u00e8vre, 75008, Paris, France.<\/p>\t\t\t\t\t\t\t\t<\/div>\n\t\t\t\t<div class=\"elementor-element elementor-element-edc3ee6 elementor-widget elementor-widget-heading\" data-id=\"edc3ee6\" data-element_type=\"widget\" data-e-type=\"widget\" data-widget_type=\"heading.default\">\n\t\t\t\t\t<h2 class=\"elementor-heading-title elementor-size-default\">LOGICIEL<\/h2>\t\t\t\t<\/div>\n\t\t\t\t<div class=\"elementor-element elementor-element-dc05db0 elementor-widget elementor-widget-text-editor\" data-id=\"dc05db0\" data-element_type=\"widget\" data-e-type=\"widget\" data-widget_type=\"text-editor.default\">\n\t\t\t\t\t\t\t\t\tWordPress, CMS en open-source sous licence GNU GPL version 2.\t\t\t\t\t\t\t\t<\/div>\n\t\t\t\t<div class=\"elementor-element elementor-element-27d0c26 elementor-widget elementor-widget-heading\" data-id=\"27d0c26\" data-element_type=\"widget\" data-e-type=\"widget\" data-widget_type=\"heading.default\">\n\t\t\t\t\t<h2 class=\"elementor-heading-title elementor-size-default\">PROPRI\u00c9T\u00c9 INTELLECTUELLE<\/h2>\t\t\t\t<\/div>\n\t\t\t\t<div class=\"elementor-element elementor-element-c62fbe4 elementor-widget elementor-widget-text-editor\" data-id=\"c62fbe4\" data-element_type=\"widget\" data-e-type=\"widget\" data-widget_type=\"text-editor.default\">\n\t\t\t\t\t\t\t\t\tLes \u00e9l\u00e9ments figurant au sein du pr\u00e9sent Site, tels que sons, images, photographies, vid\u00e9os, animations, \u00e9crits, programmes, charte graphique, bases de donn\u00e9es, logiciels, utilitaires, sont prot\u00e9g\u00e9s par les dispositions du Code de la propri\u00e9t\u00e9 intellectuelle et appartiennent \u00e0 Mignoned ar brezhoneg.\n\nL\u2019utilisateur s\u2019interdit de porter atteinte aux droits de propri\u00e9t\u00e9 intellectuelle aff\u00e9rents \u00e0 ces \u00e9l\u00e9ments et notamment de les reproduire, repr\u00e9senter, modifier, adapter, traduire, d\u2019en extraire et\/ou r\u00e9utiliser une partie qualitativement ou quantitativement substantielle, \u00e0 l\u2019exclusion des actes n\u00e9cessaires \u00e0 leur usage normal et conforme.\n\nImportant : les logotypes, marques et marques d\u00e9pos\u00e9es sont la propri\u00e9t\u00e9 de leurs d\u00e9tenteurs.\t\t\t\t\t\t\t\t<\/div>\n\t\t\t\t\t<\/div>\n\t\t<\/div>\n\t\t\t\t\t<\/div>\n\t\t<\/section>\n\t\t\t\t<\/div>\n\t\t","protected":false},"excerpt":{"rendered":"<p>\u00c9DITEUR DU SITE Mignoned ar brezhoneg, association Loi 1901 d\u00e9clar\u00e9e \u00e0 la Pr\u00e9fecture du Morbihan le lundi 30 septembre 2013. R.N.A. : W563004742. N\u00b0 de parution : 20130041 ; paru le 12 octobre 2013 ; n\u00b0 d\u2019annonce : 957. SIRET : 80955099900019.Directeur de la publication : Renan KERBIQUET (pr\u00e9sident de l\u2019association) CONCEPTION ERGONOMIQUE &#038; GRAPHIQUE [&hellip;]<\/p>\n","protected":false},"author":4,"featured_media":0,"parent":0,"menu_order":10,"comment_status":"closed","ping_status":"closed","template":"","meta":{"_acf_changed":false,"footnotes":""},"class_list":["post-2474","page","type-page","status-publish","hentry"],"acf":[],"yoast_head":"<!-- This site is optimized with the Yoast SEO plugin v24.4 - https:\/\/yoast.com\/wordpress\/plugins\/seo\/ -->\n<title>Menego\u00f9 lezennel - GBB<\/title>\n<meta name=\"robots\" content=\"index, follow, max-snippet:-1, max-image-preview:large, max-video-preview:-1\" \/>\n<link rel=\"canonical\" href=\"https:\/\/gbb.bzh\/menegou-lezennel\/\" \/>\n<meta property=\"og:locale\" content=\"en_US\" \/>\n<meta property=\"og:type\" content=\"article\" \/>\n<meta property=\"og:title\" content=\"Menego\u00f9 lezennel - GBB\" \/>\n<meta property=\"og:description\" content=\"\u00c9DITEUR DU SITE Mignoned ar brezhoneg, association Loi 1901 d\u00e9clar\u00e9e \u00e0 la Pr\u00e9fecture du Morbihan le lundi 30 septembre 2013. R.N.A. : W563004742. N\u00b0 de parution : 20130041 ; paru le 12 octobre 2013 ; n\u00b0 d\u2019annonce : 957. SIRET : 80955099900019.Directeur de la publication : Renan KERBIQUET (pr\u00e9sident de l\u2019association) CONCEPTION ERGONOMIQUE &#038; GRAPHIQUE [&hellip;]\" \/>\n<meta property=\"og:url\" content=\"https:\/\/gbb.bzh\/menegou-lezennel\/\" \/>\n<meta property=\"og:site_name\" content=\"GBB\" \/>\n<meta property=\"article:modified_time\" content=\"2024-12-12T15:22:23+00:00\" \/>\n<meta name=\"twitter:card\" content=\"summary_large_image\" \/>\n<meta name=\"twitter:label1\" content=\"Est. reading time\" \/>\n\t<meta name=\"twitter:data1\" content=\"1 minute\" \/>\n<script type=\"application\/ld+json\" class=\"yoast-schema-graph\">{\"@context\":\"https:\/\/schema.org\",\"@graph\":[{\"@type\":\"WebPage\",\"@id\":\"https:\/\/gbb.bzh\/menegou-lezennel\/\",\"url\":\"https:\/\/gbb.bzh\/menegou-lezennel\/\",\"name\":\"Menego\u00f9 lezennel - GBB\",\"isPartOf\":{\"@id\":\"https:\/\/gbb.bzh\/#website\"},\"datePublished\":\"2023-01-30T11:00:08+00:00\",\"dateModified\":\"2024-12-12T15:22:23+00:00\",\"breadcrumb\":{\"@id\":\"https:\/\/gbb.bzh\/menegou-lezennel\/#breadcrumb\"},\"inLanguage\":\"en-US\",\"potentialAction\":[{\"@type\":\"ReadAction\",\"target\":[\"https:\/\/gbb.bzh\/menegou-lezennel\/\"]}]},{\"@type\":\"BreadcrumbList\",\"@id\":\"https:\/\/gbb.bzh\/menegou-lezennel\/#breadcrumb\",\"itemListElement\":[{\"@type\":\"ListItem\",\"position\":1,\"name\":\"Home\",\"item\":\"https:\/\/gbb.bzh\/\"},{\"@type\":\"ListItem\",\"position\":2,\"name\":\"Menego\u00f9 lezennel\"}]},{\"@type\":\"WebSite\",\"@id\":\"https:\/\/gbb.bzh\/#website\",\"url\":\"https:\/\/gbb.bzh\/\",\"name\":\"GBB\",\"description\":\"Gouel Broadel ar Brezhoneg\",\"publisher\":{\"@id\":\"https:\/\/gbb.bzh\/#organization\"},\"potentialAction\":[{\"@type\":\"SearchAction\",\"target\":{\"@type\":\"EntryPoint\",\"urlTemplate\":\"https:\/\/gbb.bzh\/?s={search_term_string}\"},\"query-input\":{\"@type\":\"PropertyValueSpecification\",\"valueRequired\":true,\"valueName\":\"search_term_string\"}}],\"inLanguage\":\"en-US\"},{\"@type\":\"Organization\",\"@id\":\"https:\/\/gbb.bzh\/#organization\",\"name\":\"GBB\",\"url\":\"https:\/\/gbb.bzh\/\",\"logo\":{\"@type\":\"ImageObject\",\"inLanguage\":\"en-US\",\"@id\":\"https:\/\/gbb.bzh\/#\/schema\/logo\/image\/\",\"url\":\"https:\/\/gbb.bzh\/wp-content\/uploads\/2022\/07\/GBB25_logo-gwenn.png\",\"contentUrl\":\"https:\/\/gbb.bzh\/wp-content\/uploads\/2022\/07\/GBB25_logo-gwenn.png\",\"width\":6775,\"height\":3905,\"caption\":\"GBB\"},\"image\":{\"@id\":\"https:\/\/gbb.bzh\/#\/schema\/logo\/image\/\"}}]}<\/script>\n<!-- \/ Yoast SEO plugin. -->","yoast_head_json":{"title":"Menego\u00f9 lezennel - GBB","robots":{"index":"index","follow":"follow","max-snippet":"max-snippet:-1","max-image-preview":"max-image-preview:large","max-video-preview":"max-video-preview:-1"},"canonical":"https:\/\/gbb.bzh\/menegou-lezennel\/","og_locale":"en_US","og_type":"article","og_title":"Menego\u00f9 lezennel - GBB","og_description":"\u00c9DITEUR DU SITE Mignoned ar brezhoneg, association Loi 1901 d\u00e9clar\u00e9e \u00e0 la Pr\u00e9fecture du Morbihan le lundi 30 septembre 2013. R.N.A. : W563004742. N\u00b0 de parution : 20130041 ; paru le 12 octobre 2013 ; n\u00b0 d\u2019annonce : 957. SIRET : 80955099900019.Directeur de la publication : Renan KERBIQUET (pr\u00e9sident de l\u2019association) CONCEPTION ERGONOMIQUE &#038; GRAPHIQUE [&hellip;]","og_url":"https:\/\/gbb.bzh\/menegou-lezennel\/","og_site_name":"GBB","article_modified_time":"2024-12-12T15:22:23+00:00","twitter_card":"summary_large_image","twitter_misc":{"Est. reading time":"1 minute"},"schema":{"@context":"https:\/\/schema.org","@graph":[{"@type":"WebPage","@id":"https:\/\/gbb.bzh\/menegou-lezennel\/","url":"https:\/\/gbb.bzh\/menegou-lezennel\/","name":"Menego\u00f9 lezennel - GBB","isPartOf":{"@id":"https:\/\/gbb.bzh\/#website"},"datePublished":"2023-01-30T11:00:08+00:00","dateModified":"2024-12-12T15:22:23+00:00","breadcrumb":{"@id":"https:\/\/gbb.bzh\/menegou-lezennel\/#breadcrumb"},"inLanguage":"en-US","potentialAction":[{"@type":"ReadAction","target":["https:\/\/gbb.bzh\/menegou-lezennel\/"]}]},{"@type":"BreadcrumbList","@id":"https:\/\/gbb.bzh\/menegou-lezennel\/#breadcrumb","itemListElement":[{"@type":"ListItem","position":1,"name":"Home","item":"https:\/\/gbb.bzh\/"},{"@type":"ListItem","position":2,"name":"Menego\u00f9 lezennel"}]},{"@type":"WebSite","@id":"https:\/\/gbb.bzh\/#website","url":"https:\/\/gbb.bzh\/","name":"GBB","description":"Gouel Broadel ar Brezhoneg","publisher":{"@id":"https:\/\/gbb.bzh\/#organization"},"potentialAction":[{"@type":"SearchAction","target":{"@type":"EntryPoint","urlTemplate":"https:\/\/gbb.bzh\/?s={search_term_string}"},"query-input":{"@type":"PropertyValueSpecification","valueRequired":true,"valueName":"search_term_string"}}],"inLanguage":"en-US"},{"@type":"Organization","@id":"https:\/\/gbb.bzh\/#organization","name":"GBB","url":"https:\/\/gbb.bzh\/","logo":{"@type":"ImageObject","inLanguage":"en-US","@id":"https:\/\/gbb.bzh\/#\/schema\/logo\/image\/","url":"https:\/\/gbb.bzh\/wp-content\/uploads\/2022\/07\/GBB25_logo-gwenn.png","contentUrl":"https:\/\/gbb.bzh\/wp-content\/uploads\/2022\/07\/GBB25_logo-gwenn.png","width":6775,"height":3905,"caption":"GBB"},"image":{"@id":"https:\/\/gbb.bzh\/#\/schema\/logo\/image\/"}}]}},"_links":{"self":[{"href":"https:\/\/gbb.bzh\/en\/wp-json\/wp\/v2\/pages\/2474","targetHints":{"allow":["GET"]}}],"collection":[{"href":"https:\/\/gbb.bzh\/en\/wp-json\/wp\/v2\/pages"}],"about":[{"href":"https:\/\/gbb.bzh\/en\/wp-json\/wp\/v2\/types\/page"}],"author":[{"embeddable":true,"href":"https:\/\/gbb.bzh\/en\/wp-json\/wp\/v2\/users\/4"}],"replies":[{"embeddable":true,"href":"https:\/\/gbb.bzh\/en\/wp-json\/wp\/v2\/comments?post=2474"}],"version-history":[{"count":5,"href":"https:\/\/gbb.bzh\/en\/wp-json\/wp\/v2\/pages\/2474\/revisions"}],"predecessor-version":[{"id":4073,"href":"https:\/\/gbb.bzh\/en\/wp-json\/wp\/v2\/pages\/2474\/revisions\/4073"}],"wp:attachment":[{"href":"https:\/\/gbb.bzh\/en\/wp-json\/wp\/v2\/media?parent=2474"}],"curies":[{"name":"wp","href":"https:\/\/api.w.org\/{rel}","templated":true}]}}